{"id":393,"date":"2021-12-13T23:23:51","date_gmt":"2021-12-13T22:23:51","guid":{"rendered":"https:\/\/sjpd-arts.com\/der-kunstler\/"},"modified":"2023-10-26T13:24:58","modified_gmt":"2023-10-26T11:24:58","slug":"der-kuenstler","status":"publish","type":"page","link":"https:\/\/sjpd-arts.com\/de\/der-kuenstler\/","title":{"rendered":"Der K\u00fcnstler"},"content":{"rendered":"<p>[et_pb_section fb_built=&#8220;1&#8243; fullwidth=&#8220;on&#8220; admin_label=&#8220;Header Section&#8220; _builder_version=&#8220;4.16&#8243; background_color=&#8220;#dadde2&#8243; locked=&#8220;off&#8220; global_colors_info=&#8220;{}&#8220;][et_pb_fullwidth_header title=&#8220;Der K\u00fcnstler&#8220; text_orientation=&#8220;center&#8220; _builder_version=&#8220;4.22.2&#8243; title_font=&#8220;Asap|||on|||||&#8220; title_text_color=&#8220;#ffffff&#8220; title_font_size=&#8220;2vw&#8220; title_letter_spacing=&#8220;7px&#8220; title_line_height=&#8220;1.4em&#8220; content_font=&#8220;||||||||&#8220; subhead_font=&#8220;Oswald|||on|||||&#8220; subhead_text_color=&#8220;rgba(12,12,12,0.2)&#8220; subhead_font_size=&#8220;24px&#8220; subhead_letter_spacing=&#8220;15px&#8220; subhead_line_height=&#8220;1.4em&#8220; background_enable_color=&#8220;off&#8220; background_image=&#8220;https:\/\/sjpd-arts.com\/wp-content\/uploads\/2021\/12\/DSC06608.jpg&#8220; custom_margin=&#8220;||||false|false&#8220; custom_padding=&#8220;||||false|false&#8220; animation_style=&#8220;zoom&#8220; animation_direction=&#8220;bottom&#8220; animation_intensity_zoom=&#8220;8%&#8220; title_text_shadow_style=&#8220;preset3&#8243; title_text_shadow_color=&#8220;rgba(12,12,12,0.15)&#8220; global_colors_info=&#8220;{}&#8220; button_one_text_size__hover_enabled=&#8220;off&#8220; button_two_text_size__hover_enabled=&#8220;off&#8220; button_one_text_color__hover_enabled=&#8220;off&#8220; button_two_text_color__hover_enabled=&#8220;off&#8220; button_one_border_width__hover_enabled=&#8220;off&#8220; button_two_border_width__hover_enabled=&#8220;off&#8220; button_one_border_color__hover_enabled=&#8220;off&#8220; button_two_border_color__hover_enabled=&#8220;off&#8220; button_one_border_radius__hover_enabled=&#8220;off&#8220; button_two_border_radius__hover_enabled=&#8220;off&#8220; button_one_letter_spacing__hover_enabled=&#8220;off&#8220; button_two_letter_spacing__hover_enabled=&#8220;off&#8220; button_one_bg_color__hover_enabled=&#8220;off&#8220; button_two_bg_color__hover_enabled=&#8220;off&#8220;][\/et_pb_fullwidth_header][\/et_pb_section][et_pb_section fb_built=&#8220;1&#8243; _builder_version=&#8220;4.23&#8243; _module_preset=&#8220;default&#8220; background_image=&#8220;https:\/\/sjpd-arts.com\/wp-content\/uploads\/2023\/10\/SJPD-Arts-The_Artist.jpg&#8220; background_position=&#8220;center&#8220; background_blend=&#8220;darken&#8220; custom_margin=&#8220;||||false|false&#8220; hover_enabled=&#8220;0&#8243; background_color_tablet=&#8220;rgba(0,0,0,0.4)&#8220; background_color_phone=&#8220;rgba(0,0,0,0.58)&#8220; background_enable_color_tablet=&#8220;on&#8220; background_enable_color_phone=&#8220;on&#8220; use_background_color_gradient_tablet=&#8220;off&#8220; use_background_color_gradient_phone=&#8220;off&#8220; global_colors_info=&#8220;{}&#8220; background_color=&#8220;rgba(0,0,0,0.57)&#8220; sticky_enabled=&#8220;0&#8243;][et_pb_row column_structure=&#8220;1_2,1_2&#8243; _builder_version=&#8220;4.16&#8243; _module_preset=&#8220;default&#8220; global_colors_info=&#8220;{}&#8220;][et_pb_column type=&#8220;1_2&#8243; _builder_version=&#8220;4.16&#8243; _module_preset=&#8220;default&#8220; global_colors_info=&#8220;{}&#8220;][\/et_pb_column][et_pb_column type=&#8220;1_2&#8243; _builder_version=&#8220;4.16&#8243; _module_preset=&#8220;default&#8220; global_colors_info=&#8220;{}&#8220;][et_pb_text _builder_version=&#8220;4.23&#8243; _module_preset=&#8220;default&#8220; text_font=&#8220;Lato||||||||&#8220; text_text_color=&#8220;#FFFFFF&#8220; text_font_size=&#8220;16px&#8220; custom_margin=&#8220;102px||102px||false|false&#8220; custom_margin_tablet=&#8220;25px||||false|false&#8220; custom_margin_phone=&#8220;25px||25px||false|false&#8220; custom_margin_last_edited=&#8220;on|phone&#8220; hover_enabled=&#8220;0&#8243; text_text_shadow_style=&#8220;preset2&#8243; global_colors_info=&#8220;{}&#8220; sticky_enabled=&#8220;0&#8243;]<\/p>\n<p>Franz\u00f6sische Leidenschaft trifft auf deutsche Pr\u00e4zision.<\/p>\n<p>Simon Jean-Pierre Desmots wurde 1991 in Vitr\u00e9 geboren und wanderte 2017 nach Deutschland aus. Der Bretone, der aktuell in der N\u00e4he von Frankfurt am Main lebt, kreiert mit Acryl auf Leinwand einzigartige Kunstwerke.<\/p>\n<p>Systematisch geplant und detailverliebt umgesetzt, ist jedes einzelne Bild etwas ganz Besonderes. Die Kombinationen aus Pinsel und Spraydose, Ordnung und Chaos und Acryl und Wasser pr\u00e4gen seine Werke. Jeder Pinselstrich ist am richtige Platz und doch spontan. Dabei sorgen ungez\u00e4hmte Formen im Zusammenspiel mit kr\u00e4ftigen Farben f\u00fcr vielf\u00e4ltige und einzigartige Arbeiten. Seine Bilder wirken lebendig und verk\u00f6rpern zugleich Kontrast und Harmonie.<\/p>\n<p>Die handgearbeiteten Bilder weisen eine kompromisslose Qualit\u00e4t auf, der K\u00fcnstler verwendet ausschlie\u00dflich hochwertige Materialien und achten bei Produktion und Versand auf Nachhaltigkeit.<\/p>\n<p>[\/et_pb_text][\/et_pb_column][\/et_pb_row][\/et_pb_section]<\/p>\n","protected":false},"excerpt":{"rendered":"<p>Franz\u00f6sische Leidenschaft trifft auf deutsche Pr\u00e4zision. Simon Jean-Pierre Desmots wurde 1991 in Vitr\u00e9 geboren und wanderte 2017 nach Deutschland aus. Der Bretone, der aktuell in der N\u00e4he von Frankfurt am Main lebt, kreiert mit Acryl auf Leinwand einzigartige Kunstwerke. Systematisch geplant und detailverliebt umgesetzt, ist jedes einzelne Bild etwas ganz Besonderes. Die Kombinationen aus Pinsel [&hellip;]<\/p>\n","protected":false},"author":1,"featured_media":0,"parent":0,"menu_order":0,"comment_status":"closed","ping_status":"closed","template":"","meta":{"_et_pb_use_builder":"on","_et_pb_old_content":"","_et_gb_content_width":"","footnotes":""},"class_list":["post-393","page","type-page","status-publish","hentry"],"_links":{"self":[{"href":"https:\/\/sjpd-arts.com\/de\/wp-json\/wp\/v2\/pages\/393","targetHints":{"allow":["GET"]}}],"collection":[{"href":"https:\/\/sjpd-arts.com\/de\/wp-json\/wp\/v2\/pages"}],"about":[{"href":"https:\/\/sjpd-arts.com\/de\/wp-json\/wp\/v2\/types\/page"}],"author":[{"embeddable":true,"href":"https:\/\/sjpd-arts.com\/de\/wp-json\/wp\/v2\/users\/1"}],"replies":[{"embeddable":true,"href":"https:\/\/sjpd-arts.com\/de\/wp-json\/wp\/v2\/comments?post=393"}],"version-history":[{"count":6,"href":"https:\/\/sjpd-arts.com\/de\/wp-json\/wp\/v2\/pages\/393\/revisions"}],"predecessor-version":[{"id":1886,"href":"https:\/\/sjpd-arts.com\/de\/wp-json\/wp\/v2\/pages\/393\/revisions\/1886"}],"wp:attachment":[{"href":"https:\/\/sjpd-arts.com\/de\/wp-json\/wp\/v2\/media?parent=393"}],"curies":[{"name":"wp","href":"https:\/\/api.w.org\/{rel}","templated":true}]}}