{"id":406,"date":"2021-12-14T14:49:31","date_gmt":"2021-12-14T13:49:31","guid":{"rendered":"https:\/\/sjpd-arts.com\/startseite\/"},"modified":"2025-10-09T09:50:54","modified_gmt":"2025-10-09T07:50:54","slug":"startseite","status":"publish","type":"page","link":"https:\/\/sjpd-arts.com\/de\/","title":{"rendered":"Startseite"},"content":{"rendered":"<p>[et_pb_section fb_built=&#8220;1&#8243; fullwidth=&#8220;on&#8220; admin_label=&#8220;Header Section&#8220; _builder_version=&#8220;4.16&#8243; background_color=&#8220;#dadde2&#8243; global_colors_info=&#8220;{}&#8220;][et_pb_fullwidth_header text_orientation=&#8220;center&#8220; logo_image_url=&#8220;https:\/\/sjpd-arts.com\/wp-content\/uploads\/2021\/12\/SJPD_Logo_Positif2_WEIS.png&#8220; _builder_version=&#8220;4.16&#8243; title_font=&#8220;Oswald|500||on|||||&#8220; title_text_color=&#8220;#ffffff&#8220; title_font_size=&#8220;10vw&#8220; title_letter_spacing=&#8220;15px&#8220; title_line_height=&#8220;1.4em&#8220; content_font=&#8220;||||||||&#8220; subhead_font=&#8220;Oswald|||on|||||&#8220; subhead_text_color=&#8220;rgba(12,12,12,0.2)&#8220; subhead_font_size=&#8220;24px&#8220; subhead_letter_spacing=&#8220;15px&#8220; subhead_line_height=&#8220;1.4em&#8220; background_enable_color=&#8220;off&#8220; background_image=&#8220;https:\/\/sjpd-arts.com\/wp-content\/uploads\/2021\/12\/DSC06608.jpg&#8220; custom_margin=&#8220;||50px||false|false&#8220; custom_padding=&#8220;||||false|false&#8220; animation_style=&#8220;zoom&#8220; animation_direction=&#8220;bottom&#8220; animation_intensity_zoom=&#8220;8%&#8220; title_text_shadow_style=&#8220;preset1&#8243; title_text_shadow_blur_strength=&#8220;0.25em&#8220; title_text_shadow_color=&#8220;rgba(12,12,12,0.15)&#8220; global_colors_info=&#8220;{}&#8220; button_one_text_size__hover_enabled=&#8220;off&#8220; button_two_text_size__hover_enabled=&#8220;off&#8220; button_one_text_color__hover_enabled=&#8220;off&#8220; button_two_text_color__hover_enabled=&#8220;off&#8220; button_one_border_width__hover_enabled=&#8220;off&#8220; button_two_border_width__hover_enabled=&#8220;off&#8220; button_one_border_color__hover_enabled=&#8220;off&#8220; button_two_border_color__hover_enabled=&#8220;off&#8220; button_one_border_radius__hover_enabled=&#8220;off&#8220; button_two_border_radius__hover_enabled=&#8220;off&#8220; button_one_letter_spacing__hover_enabled=&#8220;off&#8220; button_two_letter_spacing__hover_enabled=&#8220;off&#8220; button_one_bg_color__hover_enabled=&#8220;off&#8220; button_two_bg_color__hover_enabled=&#8220;off&#8220;][\/et_pb_fullwidth_header][\/et_pb_section][et_pb_section fb_built=&#8220;1&#8243; _builder_version=&#8220;4.17.4&#8243; _module_preset=&#8220;default&#8220; background_enable_image=&#8220;off&#8220; global_colors_info=&#8220;{}&#8220;][et_pb_row _builder_version=&#8220;4.16&#8243; _module_preset=&#8220;default&#8220; global_colors_info=&#8220;{}&#8220;][et_pb_column type=&#8220;4_4&#8243; _builder_version=&#8220;4.16&#8243; _module_preset=&#8220;default&#8220; global_colors_info=&#8220;{}&#8220;][et_pb_shop type=&#8220;top_rated&#8220; posts_number=&#8220;8&#8243; columns_number=&#8220;4&#8243; orderby=&#8220;popularity&#8220; show_rating=&#8220;off&#8220; _builder_version=&#8220;4.16&#8243; _module_preset=&#8220;default&#8220; global_colors_info=&#8220;{}&#8220;][\/et_pb_shop][et_pb_button button_url=&#8220;@ET-DC@eyJkeW5hbWljIjp0cnVlLCJjb250ZW50IjoicG9zdF9saW5rX3VybF9wYWdlIiwic2V0dGluZ3MiOnsicG9zdF9pZCI6IjU2In19@&#8220; button_text=&#8220;Alle Werke ansehen&#8220; button_alignment=&#8220;center&#8220; _builder_version=&#8220;4.16&#8243; _dynamic_attributes=&#8220;button_url&#8220; _module_preset=&#8220;default&#8220; custom_button=&#8220;on&#8220; button_text_color=&#8220;#000000&#8243; button_border_radius=&#8220;100px&#8220; button_letter_spacing=&#8220;0px&#8220; button_use_icon=&#8220;off&#8220; global_colors_info=&#8220;{}&#8220;][\/et_pb_button][\/et_pb_column][\/et_pb_row][\/et_pb_section][et_pb_section fb_built=&#8220;1&#8243; admin_label=&#8220;Painting Categories Section&#8220; _builder_version=&#8220;4.17.4&#8243; background_enable_image=&#8220;off&#8220; custom_padding=&#8220;120px|0px|120px|0px&#8220; global_colors_info=&#8220;{}&#8220;][et_pb_row column_structure=&#8220;1_2,1_2&#8243; admin_label=&#8220;Malerei Typen Reihe&#8220; _builder_version=&#8220;4.16&#8243; global_colors_info=&#8220;{}&#8220;][et_pb_column type=&#8220;1_2&#8243; _builder_version=&#8220;4.16&#8243; custom_padding=&#8220;|||&#8220; global_colors_info=&#8220;{}&#8220; custom_padding__hover=&#8220;|||&#8220;][et_pb_blurb title=&#8220;Originale&#8220; admin_label=&#8220;Originals&#8220; _builder_version=&#8220;4.27.4&#8243; header_font=&#8220;Oswald|||on|||||&#8220; header_text_color=&#8220;#000000&#8243; header_font_size=&#8220;28px&#8220; header_letter_spacing=&#8220;2px&#8220; header_line_height=&#8220;1.4em&#8220; body_font=&#8220;Open Sans|600|||||||&#8220; body_text_align=&#8220;center&#8220; body_font_size=&#8220;16px&#8220; body_line_height=&#8220;1.8em&#8220; background_image=&#8220;https:\/\/sjpd-arts.com\/wp-content\/uploads\/2021\/11\/SJPD_Originals.jpg&#8220; text_orientation=&#8220;center&#8220; min_height=&#8220;150px&#8220; custom_margin=&#8220;||||true|true&#8220; custom_padding=&#8220;100px||100px||true|true&#8220; animation_style=&#8220;zoom&#8220; link_option_url=&#8220;https:\/\/sjpd-arts.com\/de\/originale\/&#8220; hover_enabled=&#8220;0&#8243; header_text_shadow_style=&#8220;preset3&#8243; header_text_shadow_color=&#8220;#FFFFFF&#8220; global_colors_info=&#8220;{}&#8220; sticky_enabled=&#8220;0&#8243;][\/et_pb_blurb][\/et_pb_column][et_pb_column type=&#8220;1_2&#8243; _builder_version=&#8220;4.16&#8243; custom_padding=&#8220;|||&#8220; global_colors_info=&#8220;{}&#8220; custom_padding__hover=&#8220;|||&#8220;][et_pb_blurb title=&#8220;Drucke&#8220; admin_label=&#8220;Limited Editions&#8220; _builder_version=&#8220;4.27.4&#8243; _dynamic_attributes=&#8220;link_option_url&#8220; header_font=&#8220;Oswald|||on|||||&#8220; header_text_align=&#8220;center&#8220; header_text_color=&#8220;#000000&#8243; header_font_size=&#8220;28px&#8220; header_letter_spacing=&#8220;2px&#8220; header_line_height=&#8220;1.4em&#8220; body_font=&#8220;Open Sans|600|||||||&#8220; body_text_align=&#8220;center&#8220; body_font_size=&#8220;16px&#8220; body_line_height=&#8220;1.8em&#8220; background_image=&#8220;https:\/\/sjpd-arts.com\/wp-content\/uploads\/2021\/12\/mika-baumeister-NSI6XtbabNw-unsplash.jpg&#8220; custom_margin=&#8220;||||false|false&#8220; custom_padding=&#8220;100px||100px||true|false&#8220; animation_style=&#8220;zoom&#8220; link_option_url=&#8220;@ET-DC@eyJkeW5hbWljIjp0cnVlLCJjb250ZW50IjoicG9zdF9saW5rX3VybF9wYWdlIiwic2V0dGluZ3MiOnsicG9zdF9pZCI6IjIwIn19@&#8220; hover_enabled=&#8220;0&#8243; header_text_shadow_style=&#8220;preset3&#8243; header_text_shadow_color=&#8220;#FFFFFF&#8220; global_colors_info=&#8220;{}&#8220; sticky_enabled=&#8220;0&#8243;][\/et_pb_blurb][\/et_pb_column][\/et_pb_row][\/et_pb_section][et_pb_section fb_built=&#8220;1&#8243; _builder_version=&#8220;4.16&#8243; _module_preset=&#8220;default&#8220; background_image=&#8220;https:\/\/sjpd-arts.com\/wp-content\/uploads\/2021\/11\/SJPD-Arts-Spruhen.jpg&#8220; global_colors_info=&#8220;{}&#8220;][et_pb_row column_structure=&#8220;1_2,1_2&#8243; _builder_version=&#8220;4.16&#8243; _dynamic_attributes=&#8220;link_option_url&#8220; _module_preset=&#8220;default&#8220; link_option_url=&#8220;@ET-DC@eyJkeW5hbWljIjp0cnVlLCJjb250ZW50IjoicG9zdF9saW5rX3VybF9wYWdlIiwic2V0dGluZ3MiOnsicG9zdF9pZCI6IjE4In19@&#8220; global_colors_info=&#8220;{}&#8220;][et_pb_column type=&#8220;1_2&#8243; _builder_version=&#8220;4.16&#8243; _module_preset=&#8220;default&#8220; global_colors_info=&#8220;{}&#8220;][\/et_pb_column][et_pb_column type=&#8220;1_2&#8243; _builder_version=&#8220;4.16&#8243; _module_preset=&#8220;default&#8220; global_colors_info=&#8220;{}&#8220;][et_pb_text _builder_version=&#8220;4.16&#8243; _module_preset=&#8220;default&#8220; text_font=&#8220;Lato||||||||&#8220; text_text_color=&#8220;#FFFFFF&#8220; text_font_size=&#8220;16px&#8220; text_text_shadow_style=&#8220;preset3&#8243; text_text_shadow_color=&#8220;#000000&#8243; global_colors_info=&#8220;{}&#8220;]<\/p>\n<p>Die Werke des franz\u00f6sischen K\u00fcnstlers Simon Jean-Pierre Desmots zeichnen sich durch kraftvolle Farben und ungew\u00f6hnliche Kombinationen aus.<br \/>Der ambitionierte K\u00fcnstler, der urspr\u00fcnglich aus der Bretagne kommt, nimmt den Betrachter und die Betrachterin mit in eine Welt voller Kreativit\u00e4t und Pr\u00e4zision.<br \/>Ganz einer \u201ebeaut\u00e9 de l\u2018art\u201c folgend, zaubert er mit Acryl auf Leinwand moderne Bilder in leuchtenden Farben und abstrakten Formen und Mustern.<\/p>\n<p>[\/et_pb_text][et_pb_button button_url=&#8220;@ET-DC@eyJkeW5hbWljIjp0cnVlLCJjb250ZW50IjoicG9zdF9saW5rX3VybF9wYWdlIiwic2V0dGluZ3MiOnsicG9zdF9pZCI6IjE4In19@&#8220; button_text=&#8220;Lesen Sie mehr \u00fcber Simon Jean-Pierre Desmots&#8220; button_text_last_edited=&#8220;off|desktop&#8220; _builder_version=&#8220;4.16&#8243; _dynamic_attributes=&#8220;button_url&#8220; _module_preset=&#8220;default&#8220; custom_button=&#8220;on&#8220; button_text_color=&#8220;#FFFFFF&#8220; button_border_radius=&#8220;100px&#8220; button_letter_spacing=&#8220;0px&#8220; button_use_icon=&#8220;off&#8220; global_colors_info=&#8220;{}&#8220; button_text__hover_enabled=&#8220;off|hover&#8220;][\/et_pb_button][\/et_pb_column][\/et_pb_row][\/et_pb_section]<\/p>\n","protected":false},"excerpt":{"rendered":"<p>Die Werke des franz\u00f6sischen K\u00fcnstlers Simon Jean-Pierre Desmots zeichnen sich durch kraftvolle Farben und ungew\u00f6hnliche Kombinationen aus.Der ambitionierte K\u00fcnstler, der urspr\u00fcnglich aus der Bretagne kommt, nimmt den Betrachter und die Betrachterin mit in eine Welt voller Kreativit\u00e4t und Pr\u00e4zision.Ganz einer \u201ebeaut\u00e9 de l\u2018art\u201c folgend, zaubert er mit Acryl auf Leinwand moderne Bilder in leuchtenden Farben [&hellip;]<\/p>\n","protected":false},"author":1,"featured_media":0,"parent":0,"menu_order":0,"comment_status":"closed","ping_status":"closed","template":"","meta":{"_et_pb_use_builder":"on","_et_pb_old_content":"","_et_gb_content_width":"","footnotes":""},"class_list":["post-406","page","type-page","status-publish","hentry"],"_links":{"self":[{"href":"https:\/\/sjpd-arts.com\/de\/wp-json\/wp\/v2\/pages\/406","targetHints":{"allow":["GET"]}}],"collection":[{"href":"https:\/\/sjpd-arts.com\/de\/wp-json\/wp\/v2\/pages"}],"about":[{"href":"https:\/\/sjpd-arts.com\/de\/wp-json\/wp\/v2\/types\/page"}],"author":[{"embeddable":true,"href":"https:\/\/sjpd-arts.com\/de\/wp-json\/wp\/v2\/users\/1"}],"replies":[{"embeddable":true,"href":"https:\/\/sjpd-arts.com\/de\/wp-json\/wp\/v2\/comments?post=406"}],"version-history":[{"count":22,"href":"https:\/\/sjpd-arts.com\/de\/wp-json\/wp\/v2\/pages\/406\/revisions"}],"predecessor-version":[{"id":2680,"href":"https:\/\/sjpd-arts.com\/de\/wp-json\/wp\/v2\/pages\/406\/revisions\/2680"}],"wp:attachment":[{"href":"https:\/\/sjpd-arts.com\/de\/wp-json\/wp\/v2\/media?parent=406"}],"curies":[{"name":"wp","href":"https:\/\/api.w.org\/{rel}","templated":true}]}}