{"id":1950,"date":"2024-01-11T21:23:44","date_gmt":"2024-01-11T20:23:44","guid":{"rendered":"https:\/\/sjpd-arts.com\/product\/tubes\/"},"modified":"2025-09-26T09:49:51","modified_gmt":"2025-09-26T07:49:51","slug":"tubes","status":"publish","type":"product","link":"https:\/\/sjpd-arts.com\/de\/produkt\/tubes\/","title":{"rendered":"Tubes"},"content":{"rendered":"<p>Dieses fesselnde abstrakte Kunstwerk von Simon Jean-Pierre Desmots zeigt einen faszinierenden Tanz von schwarzen, linearen R\u00f6hren vor einem leuchtend roten Hintergrund. Der K\u00fcnstler hat diese Formen akribisch mit Molotow-Acrylmarkern gezeichnet und so eine k\u00fchne und grafische Komposition geschaffen. Die R\u00f6hren schl\u00e4ngeln und wirbeln sich \u00fcber die Leinwand, suggerieren Tiefe und laden den Betrachter ein, die r\u00e4umlichen Beziehungen zwischen den Formen zu betrachten. Einige R\u00f6hren sind mit Farbe versehen, die den Eindruck von Bewegung und Dynamik noch verst\u00e4rken. Die faszinierenden Schatten, die von den R\u00f6hren geworfen werden, f\u00fcgen eine weitere Tiefenschicht hinzu und verst\u00e4rken die Illusion der Dreidimensionalit\u00e4t.<\/p>\n","protected":false},"excerpt":{"rendered":"<ul>\n<li>Mixed Media auf Leinwand<\/li>\n<li>Doppelte Schicht aus Glanzlack<\/li>\n<li>Gr\u00f6\u00dfe: 100 x 150 cm<\/li>\n<li>Signiert und gegengezeichnet von Simon Jean-Pierre Desmots<\/li>\n<li>Inklusive Echtheitszertifikat<\/li>\n<\/ul>\n","protected":false},"featured_media":1947,"comment_status":"open","ping_status":"closed","template":"","meta":{"_et_pb_use_builder":"","_et_pb_old_content":"","_et_gb_content_width":""},"product_brand":[],"product_cat":[138],"product_tag":[132],"class_list":{"0":"post-1950","1":"product","2":"type-product","3":"status-publish","4":"has-post-thumbnail","6":"product_cat-original-de","7":"product_tag-original-de","8":"product_shipping_class-sehr-gross","10":"first","11":"instock","12":"sold-individually","13":"shipping-taxable","14":"purchasable","15":"product-type-simple"},"_links":{"self":[{"href":"https:\/\/sjpd-arts.com\/de\/wp-json\/wp\/v2\/product\/1950","targetHints":{"allow":["GET"]}}],"collection":[{"href":"https:\/\/sjpd-arts.com\/de\/wp-json\/wp\/v2\/product"}],"about":[{"href":"https:\/\/sjpd-arts.com\/de\/wp-json\/wp\/v2\/types\/product"}],"replies":[{"embeddable":true,"href":"https:\/\/sjpd-arts.com\/de\/wp-json\/wp\/v2\/comments?post=1950"}],"wp:featuredmedia":[{"embeddable":true,"href":"https:\/\/sjpd-arts.com\/de\/wp-json\/wp\/v2\/media\/1947"}],"wp:attachment":[{"href":"https:\/\/sjpd-arts.com\/de\/wp-json\/wp\/v2\/media?parent=1950"}],"wp:term":[{"taxonomy":"product_brand","embeddable":true,"href":"https:\/\/sjpd-arts.com\/de\/wp-json\/wp\/v2\/product_brand?post=1950"},{"taxonomy":"product_cat","embeddable":true,"href":"https:\/\/sjpd-arts.com\/de\/wp-json\/wp\/v2\/product_cat?post=1950"},{"taxonomy":"product_tag","embeddable":true,"href":"https:\/\/sjpd-arts.com\/de\/wp-json\/wp\/v2\/product_tag?post=1950"}],"curies":[{"name":"wp","href":"https:\/\/api.w.org\/{rel}","templated":true}]}}