{"id":553,"date":"2021-12-15T11:11:34","date_gmt":"2021-12-15T10:11:34","guid":{"rendered":"https:\/\/sjpd-arts.com\/exposicion\/"},"modified":"2025-10-27T16:00:29","modified_gmt":"2025-10-27T15:00:29","slug":"exposicion","status":"publish","type":"page","link":"https:\/\/sjpd-arts.com\/es\/exposicion\/","title":{"rendered":"Exposiciones"},"content":{"rendered":"<p>[et_pb_section fb_built=\u00bb1&#8243; fullwidth=\u00bbon\u00bb admin_label=\u00bbHeader Section\u00bb _builder_version=\u00bb4.16&#8243; background_color=\u00bb#dadde2&#8243; locked=\u00bboff\u00bb global_colors_info=\u00bb{}\u00bb][et_pb_fullwidth_header title=\u00bbExposiciones\u00bb text_orientation=\u00bbcenter\u00bb _builder_version=\u00bb4.17.4&#8243; title_font=\u00bbAsap|||on|||||\u00bb title_text_color=\u00bb#ffffff\u00bb title_font_size=\u00bb2vw\u00bb title_letter_spacing=\u00bb7px\u00bb title_line_height=\u00bb1.4em\u00bb content_font=\u00bb||||||||\u00bb subhead_font=\u00bbOswald|||on|||||\u00bb subhead_text_color=\u00bbrgba(12,12,12,0.2)\u00bb subhead_font_size=\u00bb24px\u00bb subhead_letter_spacing=\u00bb15px\u00bb subhead_line_height=\u00bb1.4em\u00bb background_enable_color=\u00bboff\u00bb background_image=\u00bbhttps:\/\/sjpd-arts.com\/wp-content\/uploads\/2021\/12\/DSC06608.jpg\u00bb custom_margin=\u00bb||||false|false\u00bb custom_padding=\u00bb||||false|false\u00bb animation_style=\u00bbzoom\u00bb animation_direction=\u00bbbottom\u00bb animation_intensity_zoom=\u00bb8%\u00bb title_text_shadow_style=\u00bbpreset3&#8243; title_text_shadow_color=\u00bbrgba(12,12,12,0.15)\u00bb global_colors_info=\u00bb{}\u00bb button_one_text_size__hover_enabled=\u00bboff\u00bb button_two_text_size__hover_enabled=\u00bboff\u00bb button_one_text_color__hover_enabled=\u00bboff\u00bb button_two_text_color__hover_enabled=\u00bboff\u00bb button_one_border_width__hover_enabled=\u00bboff\u00bb button_two_border_width__hover_enabled=\u00bboff\u00bb button_one_border_color__hover_enabled=\u00bboff\u00bb button_two_border_color__hover_enabled=\u00bboff\u00bb button_one_border_radius__hover_enabled=\u00bboff\u00bb button_two_border_radius__hover_enabled=\u00bboff\u00bb button_one_letter_spacing__hover_enabled=\u00bboff\u00bb button_two_letter_spacing__hover_enabled=\u00bboff\u00bb button_one_bg_color__hover_enabled=\u00bboff\u00bb button_two_bg_color__hover_enabled=\u00bboff\u00bb][\/et_pb_fullwidth_header][\/et_pb_section][et_pb_section fb_built=\u00bb1&#8243; _builder_version=\u00bb4.17.4&#8243; _module_preset=\u00bbdefault\u00bb background_enable_image=\u00bboff\u00bb min_height=\u00bb800px\u00bb global_colors_info=\u00bb{}\u00bb][et_pb_row _builder_version=\u00bb4.16&#8243; _module_preset=\u00bbdefault\u00bb global_colors_info=\u00bb{}\u00bb][et_pb_column type=\u00bb4_4&#8243; _builder_version=\u00bb4.16&#8243; _module_preset=\u00bbdefault\u00bb global_colors_info=\u00bb{}\u00bb][et_pb_text _builder_version=\u00bb4.27.4&#8243; _module_preset=\u00bbdefault\u00bb text_text_color=\u00bb#000000&#8243; custom_padding=\u00bb|||0px||\u00bb global_colors_info=\u00bb{}\u00bb]<\/p>\n<p><strong>Pr\u00f3ximamente:<\/strong><strong><\/strong><\/p>\n<p>[\/et_pb_text][et_pb_gallery gallery_ids=\u00bb2478,2482,2486&#8243; fullwidth=\u00bbon\u00bb _builder_version=\u00bb4.27.4&#8243; _module_preset=\u00bbdefault\u00bb width=\u00bb60%\u00bb module_alignment=\u00bbcenter\u00bb auto=\u00bbon\u00bb auto_speed=\u00bb3000&#8243; global_colors_info=\u00bb{}\u00bb][\/et_pb_gallery][et_pb_text _builder_version=\u00bb4.27.4&#8243; _module_preset=\u00bbdefault\u00bb text_text_color=\u00bb#000000&#8243; custom_padding=\u00bb|||0px||\u00bb global_colors_info=\u00bb{}\u00bb]<\/p>\n<p><strong>&#8211; 14.11.25 &#8211; 16.11.25, \u00abColor\u00e9\u00bb, Nidderau (exposici\u00f3n individual)<\/strong><\/p>\n<p><strong>&#8211; 26.09.25 &#8211; 05.10.25, \u00abWenn Fantasie Form Annimmt\u00bb, Karben (exposici\u00f3n colectiva)<\/strong><\/p>\n<p>[\/et_pb_text][et_pb_text _builder_version=\u00bb4.24.0&#8243; _module_preset=\u00bbdefault\u00bb text_text_color=\u00bb#000000&#8243; custom_padding=\u00bb|||0px||\u00bb global_colors_info=\u00bb{}\u00bb]<\/p>\n<p>&nbsp;<\/p>\n<p>&#8211; 28.03.25 &#8211; 30.03.25, \u00abMenschenbilder\u00bb con demostraci\u00f3n en directo, Karben (exposici\u00f3n colectiva)<\/p>\n<p>[\/et_pb_text][et_pb_gallery gallery_ids=\u00bb2430&#8243; gallery_orderby=\u00bbrand\u00bb fullwidth=\u00bbon\u00bb _builder_version=\u00bb4.27.4&#8243; _module_preset=\u00bbdefault\u00bb global_colors_info=\u00bb{}\u00bb][\/et_pb_gallery][et_pb_text _builder_version=\u00bb4.27.4&#8243; _module_preset=\u00bbdefault\u00bb text_text_color=\u00bb#000000&#8243; custom_padding=\u00bb|||0px||\u00bb global_colors_info=\u00bb{}\u00bb]<\/p>\n<p>&#8211; 11.08.24, \u00abSommergalerie\u00bb, Hof Buchwald Nidderau (exposici\u00f3n colectiva)<\/p>\n<p>[\/et_pb_text][et_pb_gallery gallery_ids=\u00bb2434&#8243; gallery_orderby=\u00bbrand\u00bb fullwidth=\u00bbon\u00bb _builder_version=\u00bb4.27.4&#8243; _module_preset=\u00bbdefault\u00bb global_colors_info=\u00bb{}\u00bb][\/et_pb_gallery][et_pb_text _builder_version=\u00bb4.24.0&#8243; _module_preset=\u00bbdefault\u00bb text_text_color=\u00bb#000000&#8243; custom_padding=\u00bb|||0px||\u00bb global_colors_info=\u00bb{}\u00bb]<\/p>\n<p>&#8211; 13.07.24 &#8211; 19.09.24, KunstMais \u00abSummer of Love\u00bb, Hof Buchwald Nidderau (exposici\u00f3n colectiva)<\/p>\n<p>[\/et_pb_text][et_pb_gallery gallery_ids=\u00bb2426&#8243; gallery_orderby=\u00bbrand\u00bb fullwidth=\u00bbon\u00bb _builder_version=\u00bb4.27.4&#8243; _module_preset=\u00bbdefault\u00bb global_colors_info=\u00bb{}\u00bb][\/et_pb_gallery][et_pb_text _builder_version=\u00bb4.24.0&#8243; _module_preset=\u00bbdefault\u00bb text_text_color=\u00bb#000000&#8243; custom_padding=\u00bb|||0px||\u00bb global_colors_info=\u00bb{}\u00bb]<\/p>\n<p>&nbsp;<\/p>\n<p>&#8211; 31.08.24 &#8211; 01.09.24, \u00abKarben Kann Kunst\u00bb, community center Karben (exposici\u00f3n colectiva)<\/p>\n<p>[\/et_pb_text][et_pb_gallery gallery_ids=\u00bb2254&#8243; gallery_orderby=\u00bbrand\u00bb fullwidth=\u00bbon\u00bb _builder_version=\u00bb4.27.2&#8243; _module_preset=\u00bbdefault\u00bb global_colors_info=\u00bb{}\u00bb][\/et_pb_gallery][et_pb_text _builder_version=\u00bb4.24.0&#8243; _module_preset=\u00bbdefault\u00bb text_text_color=\u00bb#000000&#8243; global_colors_info=\u00bb{}\u00bb]<\/p>\n<p><span style=\"font-size: 14px;\">&#8211; 14.03.24 &#8211; 16.03.24, Contrada Malopasso, Sch\u00f6neck (exposici\u00f3n individual)<\/span><\/p>\n<p><a href=\"https:\/\/contradamalopasso.de\/\">https:\/\/contradamalopasso.de\/<\/a><\/p>\n<p>[\/et_pb_text][et_pb_gallery gallery_ids=\u00bb2263&#8243; gallery_orderby=\u00bbrand\u00bb fullwidth=\u00bbon\u00bb _builder_version=\u00bb4.27.2&#8243; _module_preset=\u00bbdefault\u00bb global_colors_info=\u00bb{}\u00bb][\/et_pb_gallery][et_pb_text _builder_version=\u00bb4.24.0&#8243; _module_preset=\u00bbdefault\u00bb text_text_color=\u00bb#000000&#8243; custom_padding=\u00bb||0px|||\u00bb global_colors_info=\u00bb{}\u00bb]<\/p>\n<p>&#8211; 23.02.24 &#8211; 25.02.24, \u00abLicht in der Kunst\u00bb, Karben (exposici\u00f3n colectiva)<\/p>\n<p>[\/et_pb_text][et_pb_gallery gallery_ids=\u00bb2269&#8243; gallery_orderby=\u00bbrand\u00bb fullwidth=\u00bbon\u00bb _builder_version=\u00bb4.27.3&#8243; _module_preset=\u00bbdefault\u00bb global_colors_info=\u00bb{}\u00bb][\/et_pb_gallery][et_pb_text _builder_version=\u00bb4.22.2&#8243; _module_preset=\u00bbdefault\u00bb text_text_color=\u00bb#000000&#8243; global_colors_info=\u00bb{}\u00bb]<\/p>\n<p>\u2013 10.11.23 \u2013 12.11.23, \u00abFarbuleux\u00bb, Karben (exposici\u00f3n individual)<\/p>\n<p>[\/et_pb_text][et_pb_gallery gallery_ids=\u00bb2009&#8243; gallery_orderby=\u00bbrand\u00bb fullwidth=\u00bbon\u00bb _builder_version=\u00bb4.24.0&#8243; _module_preset=\u00bbdefault\u00bb global_colors_info=\u00bb{}\u00bb][\/et_pb_gallery][et_pb_text _builder_version=\u00bb4.22.2&#8243; _module_preset=\u00bbdefault\u00bb text_text_color=\u00bb#000000&#8243; global_colors_info=\u00bb{}\u00bb]<\/p>\n<p>\u2013 23.09.23 &#8211; 24.09.23, \u00abFr\u00fcchte\u00bb, Karben (exposici\u00f3n colectiva)<\/p>\n<p>[\/et_pb_text][et_pb_gallery gallery_ids=\u00bb2019&#8243; gallery_orderby=\u00bbrand\u00bb fullwidth=\u00bbon\u00bb _builder_version=\u00bb4.24.0&#8243; _module_preset=\u00bbdefault\u00bb global_colors_info=\u00bb{}\u00bb][\/et_pb_gallery][et_pb_text _builder_version=\u00bb4.22.2&#8243; _module_preset=\u00bbdefault\u00bb text_text_color=\u00bb#000000&#8243; global_colors_info=\u00bb{}\u00bb]<\/p>\n<p>\u2013 17.02.23 \u2013 19.02.23, Vernissage: \u00abBlau Azul Bleu Abi Bl\u00e5\u00bb, Karben (exposici\u00f3n colectiva)<\/p>\n<p>[\/et_pb_text][et_pb_gallery gallery_ids=\u00bb1700&#8243; gallery_orderby=\u00bbrand\u00bb fullwidth=\u00bbon\u00bb _builder_version=\u00bb4.20.0&#8243; _module_preset=\u00bbdefault\u00bb global_colors_info=\u00bb{}\u00bb][\/et_pb_gallery][et_pb_text _builder_version=\u00bb4.20.0&#8243; _module_preset=\u00bbdefault\u00bb text_text_color=\u00bb#000000&#8243; global_colors_info=\u00bb{}\u00bb]<\/p>\n<p>\u2013 25.06.22 \u2013 13.10.22, concesionario fischer-sch\u00e4dler, Bad Vilbel (exposici\u00f3n individual)<\/p>\n<p>[\/et_pb_text][et_pb_gallery gallery_ids=\u00bb1290&#8243; gallery_orderby=\u00bbrand\u00bb fullwidth=\u00bbon\u00bb _builder_version=\u00bb4.20.0&#8243; _module_preset=\u00bbdefault\u00bb global_colors_info=\u00bb{}\u00bb][\/et_pb_gallery][et_pb_text _builder_version=\u00bb4.20.0&#8243; _module_preset=\u00bbdefault\u00bb text_text_color=\u00bb#000000&#8243; custom_padding=\u00bb||1px|||\u00bb global_colors_info=\u00bb{}\u00bb]<\/p>\n<p>\u2013 11.06.22 \u2013 12.06.22, Karbener Kunst Tage, centro comunitario Karben (exposici\u00f3n colectiva)<\/p>\n<p>[\/et_pb_text][et_pb_gallery gallery_ids=\u00bb1283&#8243; gallery_orderby=\u00bbrand\u00bb fullwidth=\u00bbon\u00bb _builder_version=\u00bb4.17.4&#8243; _module_preset=\u00bbdefault\u00bb global_colors_info=\u00bb{}\u00bb][\/et_pb_gallery][et_pb_text _builder_version=\u00bb4.20.0&#8243; _module_preset=\u00bbdefault\u00bb text_text_color=\u00bb#000000&#8243; global_colors_info=\u00bb{}\u00bb]<\/p>\n<p>&#8211; 28.05.22 &#8211; 02.01.23, byteMyStork, Bad Vilbel (solo exhibition)<br \/><a href=\"https:\/\/www.bytemystork.de\/kunst\/kunstausstellung\/\">https:\/\/www.bytemystork.de\/kunst\/kunstausstellung\/<\/a><\/p>\n<p>[\/et_pb_text][et_pb_gallery gallery_ids=\u00bb1278&#8243; gallery_orderby=\u00bbrand\u00bb fullwidth=\u00bbon\u00bb _builder_version=\u00bb4.17.4&#8243; _module_preset=\u00bbdefault\u00bb global_colors_info=\u00bb{}\u00bb][\/et_pb_gallery][et_pb_text _builder_version=\u00bb4.20.0&#8243; _module_preset=\u00bbdefault\u00bb text_text_color=\u00bb#000000&#8243; custom_padding=\u00bb||3px|||\u00bb global_colors_info=\u00bb{}\u00bb]<\/p>\n<p>\u2013 06.05.22 \u2013 08.05.22, \u00abMagnificence des couleurs\u00bb, Kulturscheune Sch\u00f6neck, Kilianst\u00e4dten (exposici\u00f3n individual)<\/p>\n<p>[\/et_pb_text][et_pb_gallery gallery_ids=\u00bb1166&#8243; gallery_orderby=\u00bbrand\u00bb fullwidth=\u00bbon\u00bb _builder_version=\u00bb4.17.4&#8243; _module_preset=\u00bbdefault\u00bb global_colors_info=\u00bb{}\u00bb][\/et_pb_gallery][\/et_pb_column][\/et_pb_row][\/et_pb_section]<\/p>\n","protected":false},"excerpt":{"rendered":"<p>Pr\u00f3ximamente:- 14.11.25 &#8211; 16.11.25, \u00abColor\u00e9\u00bb, Nidderau (exposici\u00f3n individual) &#8211; 26.09.25 &#8211; 05.10.25, \u00abWenn Fantasie Form Annimmt\u00bb, Karben (exposici\u00f3n colectiva)&nbsp; &#8211; 28.03.25 &#8211; 30.03.25, \u00abMenschenbilder\u00bb con demostraci\u00f3n en directo, Karben (exposici\u00f3n colectiva)- 11.08.24, \u00abSommergalerie\u00bb, Hof Buchwald Nidderau (exposici\u00f3n colectiva)- 13.07.24 &#8211; 19.09.24, KunstMais \u00abSummer of Love\u00bb, Hof Buchwald Nidderau (exposici\u00f3n colectiva)&nbsp; &#8211; 31.08.24 &#8211; 01.09.24, \u00abKarben [&hellip;]<\/p>\n","protected":false},"author":1,"featured_media":0,"parent":0,"menu_order":0,"comment_status":"closed","ping_status":"closed","template":"","meta":{"_et_pb_use_builder":"on","_et_pb_old_content":"","_et_gb_content_width":"","footnotes":""},"class_list":["post-553","page","type-page","status-publish","hentry"],"_links":{"self":[{"href":"https:\/\/sjpd-arts.com\/es\/wp-json\/wp\/v2\/pages\/553","targetHints":{"allow":["GET"]}}],"collection":[{"href":"https:\/\/sjpd-arts.com\/es\/wp-json\/wp\/v2\/pages"}],"about":[{"href":"https:\/\/sjpd-arts.com\/es\/wp-json\/wp\/v2\/types\/page"}],"author":[{"embeddable":true,"href":"https:\/\/sjpd-arts.com\/es\/wp-json\/wp\/v2\/users\/1"}],"replies":[{"embeddable":true,"href":"https:\/\/sjpd-arts.com\/es\/wp-json\/wp\/v2\/comments?post=553"}],"version-history":[{"count":14,"href":"https:\/\/sjpd-arts.com\/es\/wp-json\/wp\/v2\/pages\/553\/revisions"}],"predecessor-version":[{"id":2508,"href":"https:\/\/sjpd-arts.com\/es\/wp-json\/wp\/v2\/pages\/553\/revisions\/2508"}],"wp:attachment":[{"href":"https:\/\/sjpd-arts.com\/es\/wp-json\/wp\/v2\/media?parent=553"}],"curies":[{"name":"wp","href":"https:\/\/api.w.org\/{rel}","templated":true}]}}