{"id":580,"date":"2021-12-15T11:29:30","date_gmt":"2021-12-15T10:29:30","guid":{"rendered":"https:\/\/sjpd-arts.com\/el-artista\/"},"modified":"2023-10-25T22:44:28","modified_gmt":"2023-10-25T20:44:28","slug":"el-artista","status":"publish","type":"page","link":"https:\/\/sjpd-arts.com\/es\/el-artista\/","title":{"rendered":"El Artista"},"content":{"rendered":"<p>[et_pb_section fb_built=\u00bb1&#8243; fullwidth=\u00bbon\u00bb admin_label=\u00bbHeader Section\u00bb _builder_version=\u00bb4.16&#8243; background_color=\u00bb#dadde2&#8243; locked=\u00bboff\u00bb global_colors_info=\u00bb{}\u00bb][et_pb_fullwidth_header title=\u00bbEl Artista\u00bb text_orientation=\u00bbcenter\u00bb _builder_version=\u00bb4.22.2&#8243; title_font=\u00bbAsap|||on|||||\u00bb title_text_color=\u00bb#ffffff\u00bb title_font_size=\u00bb2vw\u00bb title_letter_spacing=\u00bb7px\u00bb title_line_height=\u00bb1.4em\u00bb content_font=\u00bb||||||||\u00bb subhead_font=\u00bbOswald|||on|||||\u00bb subhead_text_color=\u00bbrgba(12,12,12,0.2)\u00bb subhead_font_size=\u00bb24px\u00bb subhead_letter_spacing=\u00bb15px\u00bb subhead_line_height=\u00bb1.4em\u00bb background_enable_color=\u00bboff\u00bb background_image=\u00bbhttps:\/\/sjpd-arts.com\/wp-content\/uploads\/2021\/12\/DSC06608.jpg\u00bb custom_margin=\u00bb||||false|false\u00bb custom_padding=\u00bb||||false|false\u00bb animation_style=\u00bbzoom\u00bb animation_direction=\u00bbbottom\u00bb animation_intensity_zoom=\u00bb8%\u00bb title_text_shadow_style=\u00bbpreset3&#8243; title_text_shadow_color=\u00bbrgba(12,12,12,0.15)\u00bb global_colors_info=\u00bb{}\u00bb button_one_text_size__hover_enabled=\u00bboff\u00bb button_two_text_size__hover_enabled=\u00bboff\u00bb button_one_text_color__hover_enabled=\u00bboff\u00bb button_two_text_color__hover_enabled=\u00bboff\u00bb button_one_border_width__hover_enabled=\u00bboff\u00bb button_two_border_width__hover_enabled=\u00bboff\u00bb button_one_border_color__hover_enabled=\u00bboff\u00bb button_two_border_color__hover_enabled=\u00bboff\u00bb button_one_border_radius__hover_enabled=\u00bboff\u00bb button_two_border_radius__hover_enabled=\u00bboff\u00bb button_one_letter_spacing__hover_enabled=\u00bboff\u00bb button_two_letter_spacing__hover_enabled=\u00bboff\u00bb button_one_bg_color__hover_enabled=\u00bboff\u00bb button_two_bg_color__hover_enabled=\u00bboff\u00bb][\/et_pb_fullwidth_header][\/et_pb_section][et_pb_section fb_built=\u00bb1&#8243; _builder_version=\u00bb4.23&#8243; _module_preset=\u00bbdefault\u00bb background_image=\u00bbhttps:\/\/sjpd-arts.com\/wp-content\/uploads\/2023\/10\/SJPD-Arts-The_Artist.jpg\u00bb background_position=\u00bbcenter\u00bb background_blend=\u00bbdarken\u00bb custom_margin=\u00bb||||false|false\u00bb hover_enabled=\u00bb0&#8243; background_color_tablet=\u00bbrgba(0,0,0,0.4)\u00bb background_color_phone=\u00bbrgba(0,0,0,0.58)\u00bb background_enable_color_tablet=\u00bbon\u00bb background_enable_color_phone=\u00bbon\u00bb use_background_color_gradient_tablet=\u00bboff\u00bb use_background_color_gradient_phone=\u00bboff\u00bb global_colors_info=\u00bb{}\u00bb background_color=\u00bbrgba(0,0,0,0.57)\u00bb sticky_enabled=\u00bb0&#8243;][et_pb_row column_structure=\u00bb1_2,1_2&#8243; _builder_version=\u00bb4.16&#8243; _module_preset=\u00bbdefault\u00bb global_colors_info=\u00bb{}\u00bb][et_pb_column type=\u00bb1_2&#8243; _builder_version=\u00bb4.16&#8243; _module_preset=\u00bbdefault\u00bb global_colors_info=\u00bb{}\u00bb][\/et_pb_column][et_pb_column type=\u00bb1_2&#8243; _builder_version=\u00bb4.16&#8243; _module_preset=\u00bbdefault\u00bb global_colors_info=\u00bb{}\u00bb][et_pb_text _builder_version=\u00bb4.23&#8243; _module_preset=\u00bbdefault\u00bb text_font=\u00bbLato||||||||\u00bb text_text_color=\u00bb#FFFFFF\u00bb text_font_size=\u00bb16px\u00bb custom_margin=\u00bb102px||102px||false|false\u00bb custom_margin_tablet=\u00bb25px||||false|false\u00bb custom_margin_phone=\u00bb25px||25px||false|false\u00bb custom_margin_last_edited=\u00bbon|phone\u00bb hover_enabled=\u00bb0&#8243; text_text_shadow_style=\u00bbpreset2&#8243; global_colors_info=\u00bb{}\u00bb sticky_enabled=\u00bb0&#8243;]<\/p>\n<p>La pasi\u00f3n francesa se une a la precisi\u00f3n alemana.<\/p>\n<p>Simon Jean-Pierre Desmots naci\u00f3 en Vitr\u00e9 en 1991 y emigr\u00f3 a Alemania en 2017. Este bret\u00f3n, que actualmente vive cerca de Fr\u00e1ncfort del Meno, crea obras de arte \u00fanicas con acr\u00edlico sobre lienzo.<\/p>\n<p>Planificado sistem\u00e1ticamente y ejecutado con amor al detalle, cada cuadro es algo muy especial. Las combinaciones de pincel y spray, orden y caos, as\u00ed como de acr\u00edlico y agua, dan forma a sus obras. Cada pincelada est\u00e1 en el lugar adecuado y, sin embargo, es aparentemente espont\u00e1nea. Las formas ind\u00f3mitas combinadas con colores fuertes garantizan un trabajo diverso y \u00fanico. Sus cuadros parecen vivos y al mismo tiempo encarnan el contraste y la armon\u00eda.<\/p>\n<p>Las obras hechas a mano son de una calidad sin concesiones, el artista s\u00f3lo utiliza materiales de alta calidad y garantiza la sostenibilidad en la producci\u00f3n y el env\u00edo.<\/p>\n<p>[\/et_pb_text][\/et_pb_column][\/et_pb_row][\/et_pb_section]<\/p>\n","protected":false},"excerpt":{"rendered":"<p>La pasi\u00f3n francesa se une a la precisi\u00f3n alemana. Simon Jean-Pierre Desmots naci\u00f3 en Vitr\u00e9 en 1991 y emigr\u00f3 a Alemania en 2017. Este bret\u00f3n, que actualmente vive cerca de Fr\u00e1ncfort del Meno, crea obras de arte \u00fanicas con acr\u00edlico sobre lienzo. Planificado sistem\u00e1ticamente y ejecutado con amor al detalle, cada cuadro es algo muy [&hellip;]<\/p>\n","protected":false},"author":1,"featured_media":0,"parent":0,"menu_order":0,"comment_status":"closed","ping_status":"closed","template":"","meta":{"_et_pb_use_builder":"on","_et_pb_old_content":"","_et_gb_content_width":"","footnotes":""},"class_list":["post-580","page","type-page","status-publish","hentry"],"_links":{"self":[{"href":"https:\/\/sjpd-arts.com\/es\/wp-json\/wp\/v2\/pages\/580","targetHints":{"allow":["GET"]}}],"collection":[{"href":"https:\/\/sjpd-arts.com\/es\/wp-json\/wp\/v2\/pages"}],"about":[{"href":"https:\/\/sjpd-arts.com\/es\/wp-json\/wp\/v2\/types\/page"}],"author":[{"embeddable":true,"href":"https:\/\/sjpd-arts.com\/es\/wp-json\/wp\/v2\/users\/1"}],"replies":[{"embeddable":true,"href":"https:\/\/sjpd-arts.com\/es\/wp-json\/wp\/v2\/comments?post=580"}],"version-history":[{"count":0,"href":"https:\/\/sjpd-arts.com\/es\/wp-json\/wp\/v2\/pages\/580\/revisions"}],"wp:attachment":[{"href":"https:\/\/sjpd-arts.com\/es\/wp-json\/wp\/v2\/media?parent=580"}],"curies":[{"name":"wp","href":"https:\/\/api.w.org\/{rel}","templated":true}]}}