{"id":589,"date":"2021-12-15T12:04:16","date_gmt":"2021-12-15T11:04:16","guid":{"rendered":"https:\/\/sjpd-arts.com\/terminos-y-condiciones\/"},"modified":"2022-07-09T17:42:08","modified_gmt":"2022-07-09T15:42:08","slug":"terminos-y-condiciones","status":"publish","type":"page","link":"https:\/\/sjpd-arts.com\/es\/terminos-y-condiciones\/","title":{"rendered":"T\u00e9rminos y condiciones"},"content":{"rendered":"<p>[et_pb_section fb_built=\u00bb1&#8243; fullwidth=\u00bbon\u00bb admin_label=\u00bbHeader Section\u00bb _builder_version=\u00bb4.16&#8243; background_color=\u00bb#dadde2&#8243; hover_enabled=\u00bb0&#8243; locked=\u00bboff\u00bb global_colors_info=\u00bb{}\u00bb sticky_enabled=\u00bb0&#8243;][et_pb_fullwidth_header title=\u00bbT\u00e9rminos y condiciones\u00bb text_orientation=\u00bbcenter\u00bb _builder_version=\u00bb4.17.4&#8243; title_font=\u00bbAsap|||on|||||\u00bb title_text_color=\u00bb#ffffff\u00bb title_font_size=\u00bb2vw\u00bb title_letter_spacing=\u00bb7px\u00bb title_line_height=\u00bb1.4em\u00bb content_font=\u00bb||||||||\u00bb subhead_font=\u00bbOswald|||on|||||\u00bb subhead_text_color=\u00bbrgba(12,12,12,0.2)\u00bb subhead_font_size=\u00bb24px\u00bb subhead_letter_spacing=\u00bb15px\u00bb subhead_line_height=\u00bb1.4em\u00bb background_enable_color=\u00bboff\u00bb background_image=\u00bbhttps:\/\/sjpd-arts.com\/wp-content\/uploads\/2021\/12\/DSC06608.jpg\u00bb custom_margin=\u00bb||||false|false\u00bb custom_padding=\u00bb||||false|false\u00bb animation_style=\u00bbzoom\u00bb animation_direction=\u00bbbottom\u00bb animation_intensity_zoom=\u00bb8%\u00bb title_text_shadow_style=\u00bbpreset3&#8243; title_text_shadow_color=\u00bbrgba(12,12,12,0.15)\u00bb global_colors_info=\u00bb{}\u00bb button_one_text_size__hover_enabled=\u00bboff\u00bb button_two_text_size__hover_enabled=\u00bboff\u00bb button_one_text_color__hover_enabled=\u00bboff\u00bb button_two_text_color__hover_enabled=\u00bboff\u00bb button_one_border_width__hover_enabled=\u00bboff\u00bb button_two_border_width__hover_enabled=\u00bboff\u00bb button_one_border_color__hover_enabled=\u00bboff\u00bb button_two_border_color__hover_enabled=\u00bboff\u00bb button_one_border_radius__hover_enabled=\u00bboff\u00bb button_two_border_radius__hover_enabled=\u00bboff\u00bb button_one_letter_spacing__hover_enabled=\u00bboff\u00bb button_two_letter_spacing__hover_enabled=\u00bboff\u00bb button_one_bg_color__hover_enabled=\u00bboff\u00bb button_two_bg_color__hover_enabled=\u00bboff\u00bb][\/et_pb_fullwidth_header][\/et_pb_section][et_pb_section fb_built=\u00bb1&#8243; _builder_version=\u00bb4.17.4&#8243; _module_preset=\u00bbdefault\u00bb hover_enabled=\u00bb0&#8243; global_colors_info=\u00bb{}\u00bb background_enable_image=\u00bboff\u00bb sticky_enabled=\u00bb0&#8243;][et_pb_row _builder_version=\u00bb4.16&#8243; _module_preset=\u00bbdefault\u00bb global_colors_info=\u00bb{}\u00bb][et_pb_column type=\u00bb4_4&#8243; _builder_version=\u00bb4.16&#8243; _module_preset=\u00bbdefault\u00bb global_colors_info=\u00bb{}\u00bb][et_pb_text _builder_version=\u00bb4.16&#8243; _module_preset=\u00bbdefault\u00bb global_colors_info=\u00bb{}\u00bb]<\/p>\n<h2><\/h2>\n<p>\u00a1Bienvenido a SJPD Arts!<\/p>\n<p>Estos t\u00e9rminos y condiciones describen las normas y regulaciones para el uso del sitio web de SJPD Arts, ubicado en https:\/\/sjpd-arts.com\/.<\/p>\n<p>Al acceder a este sitio web asumimos que acepta estos t\u00e9rminos y condiciones. No contin\u00fae utilizando SJPD Arts si no est\u00e1 de acuerdo en aceptar todos los t\u00e9rminos y condiciones establecidos en esta p\u00e1gina.<\/p>\n<p>La siguiente terminolog\u00eda se aplica a estos T\u00e9rminos y Condiciones, Declaraci\u00f3n de Privacidad y Aviso de Exenci\u00f3n de Responsabilidad y todos los Acuerdos: \u00abCliente\u00bb, \u00abUsted\u00bb y \u00abSu\u00bb se refiere a usted, la persona que se registra en este sitio web y cumple con los t\u00e9rminos y condiciones de la Compa\u00f1\u00eda. \u00abLa Compa\u00f1\u00eda\u00bb, \u00abNosotros\u00bb, \u00abNuestro\u00bb y \u00abNosotros\u00bb, se refiere a nuestra Compa\u00f1\u00eda. \u00abParte\u00bb, \u00abPartes\u00bb o \u00abNosotros\u00bb, se refiere tanto al Cliente como a nosotros. Todos los t\u00e9rminos se refieren a la oferta, la aceptaci\u00f3n y la contraprestaci\u00f3n necesaria para llevar a cabo el proceso de nuestra asistencia al Cliente de la manera m\u00e1s adecuada con el prop\u00f3sito expreso de satisfacer las necesidades del Cliente con respecto a la prestaci\u00f3n de los servicios indicados de la Compa\u00f1\u00eda, de acuerdo con y sujeto a la legislaci\u00f3n vigente de Alemania. Cualquier uso de la terminolog\u00eda anterior u otras palabras en singular, plural, may\u00fasculas y\/o \u00e9l\/ella o ellos, se consideran intercambiables y por lo tanto se refieren a lo mismo.<\/p>\n<h3><strong>Cookies<\/strong><\/h3>\n<p>Empleamos el uso de cookies. Al acceder a SJPD Arts, usted acepta el uso de cookies de acuerdo con la Pol\u00edtica de Privacidad de SJPD Arts.<\/p>\n<p>La mayor\u00eda de los sitios web interactivos utilizan cookies para permitirnos recuperar los datos del usuario en cada visita. Las cookies son utilizadas por nuestro sitio web para permitir la funcionalidad de ciertas \u00e1reas para facilitar a las personas que visitan nuestro sitio web. Algunos de nuestros socios afiliados\/publicitarios tambi\u00e9n pueden utilizar cookies.<\/p>\n<h3><strong>Licencia<\/strong><\/h3>\n<p>A menos que se indique lo contrario, SJPD Arts y\/o sus licenciantes son los propietarios de los derechos de propiedad intelectual de todo el material de SJPD Arts. Todos los derechos de propiedad intelectual est\u00e1n reservados. Usted puede acceder a esto desde SJPD Arts para su propio uso personal sujeto a las restricciones establecidas en estos t\u00e9rminos y condiciones.<\/p>\n<p>Usted no debe:<\/p>\n<ul>\n<li>Volver a publicar el material de SJPD Arts<\/li>\n<li>Vender, alquilar o sublicenciar el material de SJPD Arts<\/li>\n<li>Reproducir, duplicar o copiar material de SJPD Arts<\/li>\n<li>Redistribuir el contenido de SJPD Arts<\/li>\n<\/ul>\n<p>Este acuerdo comenzar\u00e1 en la fecha 22\/11\/2021<\/p>\n<p>Algunas partes de este sitio web ofrecen la oportunidad a los usuarios de publicar e intercambiar opiniones e informaci\u00f3n en ciertas \u00e1reas del sitio web. SJPD Arts no filtra, edita, publica o revisa los comentarios antes de su presencia en el sitio web. Los comentarios no reflejan los puntos de vista y opiniones de SJPD Arts, sus agentes y\/o afiliados. Los comentarios reflejan los puntos de vista y opiniones de la persona que publica sus puntos de vista y opiniones. En la medida permitida por las leyes aplicables, SJPD Arts no ser\u00e1 responsable de los comentarios o de cualquier responsabilidad, da\u00f1os o gastos causados y \/ o sufridos como resultado de cualquier uso de y \/ o la publicaci\u00f3n de y \/ o la aparici\u00f3n de los comentarios en este sitio web.<\/p>\n<p>SJPD Arts se reserva el derecho de monitorear todos los Comentarios y eliminar cualquier Comentario que pueda ser considerado inapropiado, ofensivo o que cause el incumplimiento de estos T\u00e9rminos y Condiciones.<\/p>\n<p>Usted garantiza y representa que:<\/p>\n<ul>\n<li>Usted tiene derecho a publicar los Comentarios en nuestro sitio web y tiene todas las licencias y consentimientos necesarios para hacerlo;<\/li>\n<li>Los Comentarios no invaden ning\u00fan derecho de propiedad intelectual, incluyendo, sin limitaci\u00f3n, derechos de autor, patentes o marcas registradas de terceros;<\/li>\n<li>Los comentarios no contienen ning\u00fan material difamatorio, calumnioso, ofensivo, indecente o ilegal que suponga una invasi\u00f3n de la privacidad;<\/li>\n<li>Los Comentarios no ser\u00e1n utilizados para solicitar o promover negocios o costumbres o presentar actividades comerciales o actividades ilegales.<\/li>\n<\/ul>\n<p>Usted otorga a SJPD Arts una licencia no exclusiva para usar, reproducir, editar y autorizar a otros a usar, reproducir y editar cualquiera de sus Comentarios en cualquier forma, formato o medio.<\/p>\n<h3><strong>Hiperv\u00ednculos a nuestro contenido<\/strong><\/h3>\n<p>Las siguientes organizaciones pueden enlazar a nuestro sitio web sin la aprobaci\u00f3n previa por escrito:<\/p>\n<ul>\n<li>Agencias gubernamentales;<\/li>\n<li>Motores de b\u00fasqueda;<\/li>\n<li>Organizaciones de noticias;<\/li>\n<li>Los distribuidores de directorios en l\u00ednea pueden enlazar con nuestro sitio web de la misma manera que lo hacen con los sitios web de otras empresas incluidas en la lista; y<\/li>\n<li>Empresas acreditadas en todo el sistema, excepto las organizaciones sin \u00e1nimo de lucro, los centros comerciales de beneficencia y los grupos de recaudaci\u00f3n de fondos de beneficencia, que no pueden establecer un hiperv\u00ednculo con nuestro sitio web.<\/li>\n<\/ul>\n<p>Estas organizaciones pueden enlazar con nuestra p\u00e1gina de inicio, con publicaciones o con otra informaci\u00f3n del sitio web siempre que el enlace (a) no sea en modo alguno enga\u00f1oso; (b) no implique falsamente el patrocinio, el respaldo o la aprobaci\u00f3n de la parte que establece el enlace y sus productos y\/o servicios; y (c) se ajuste al contexto del sitio de la parte que establece el enlace.<\/p>\n<p>Podemos considerar y aprobar otras solicitudes de enlace de los siguientes tipos de organizaciones<\/p>\n<ul>\n<li>fuentes de informaci\u00f3n de consumidores y\/o empresas com\u00fanmente conocidas<\/li>\n<li>sitios de comunidades punto.com;<\/li>\n<li>asociaciones u otros grupos que representen a organizaciones ben\u00e9ficas<\/li>\n<li>distribuidores de directorios en l\u00ednea<\/li>\n<li>portales de Internet;<\/li>\n<li>empresas de contabilidad, derecho y consultor\u00eda; e<\/li>\n<li>instituciones educativas y asociaciones comerciales.<\/li>\n<\/ul>\n<p>Aprobaremos las solicitudes de enlace de estas organizaciones si decidimos que (a) el enlace no nos hace quedar mal a nosotros o a nuestras empresas acreditadas; (b) la organizaci\u00f3n no tiene antecedentes negativos con nosotros; (c) el beneficio para nosotros de la visibilidad del hiperv\u00ednculo compensa la ausencia de SJPD Arts; y (d) el enlace est\u00e1 en el contexto de la informaci\u00f3n de recursos generales.<\/p>\n<p>Estas organizaciones pueden enlazar con nuestra p\u00e1gina de inicio siempre y cuando el enlace (a) no sea en modo alguno enga\u00f1oso; (b) no implique falsamente el patrocinio, el respaldo o la aprobaci\u00f3n de la parte que enlaza y de sus productos o servicios; y (c) se ajuste al contexto del sitio de la parte que establece el enlace.<\/p>\n<p>Si usted es una de las organizaciones enumeradas en el p\u00e1rrafo 2 anterior y est\u00e1 interesado en establecer un enlace con nuestro sitio web, debe informarnos enviando un correo electr\u00f3nico a SJPD Arts. Por favor, incluya su nombre, el nombre de su organizaci\u00f3n, la informaci\u00f3n de contacto, as\u00ed como la URL de su sitio, una lista de las URL desde las que pretende enlazar a nuestro sitio web, y una lista de las URL de nuestro sitio a las que le gustar\u00eda enlazar. Espere 2-3 semanas para recibir una respuesta.<\/p>\n<p>Las organizaciones aprobadas pueden establecer un hiperv\u00ednculo a nuestro sitio web de la siguiente manera<\/p>\n<ul>\n<li>Utilizando nuestro nombre corporativo; o<\/li>\n<li>Mediante el uso del localizador uniforme de recursos al que se enlaza; o<\/li>\n<li>Mediante el uso de cualquier otra descripci\u00f3n de nuestro sitio web que se vincula a que tiene sentido en el contexto y el formato de los contenidos en el sitio de la parte vinculante.<\/li>\n<\/ul>\n<p>No se permitir\u00e1 el uso del logotipo de SJPD Arts u otras obras de arte para los enlaces sin un acuerdo de licencia de marca.<\/p>\n<h3><strong>iFrames<\/strong><\/h3>\n<p>Sin la aprobaci\u00f3n previa y el permiso por escrito, usted no puede crear marcos alrededor de nuestras p\u00e1ginas web que alteren de alguna manera la presentaci\u00f3n visual o la apariencia de nuestro sitio web.<\/p>\n<h3><strong>Responsabilidad del contenido<\/strong><\/h3>\n<p>No seremos responsables de ning\u00fan contenido que aparezca en su sitio web. Usted se compromete a protegernos y defendernos de todas las reclamaciones que surjan en su Sitio Web. No debe aparecer ning\u00fan enlace en ning\u00fan sitio web que pueda interpretarse como difamatorio, obsceno o delictivo, o que infrinja, viole o propugne la infracci\u00f3n u otra violaci\u00f3n de derechos de terceros.<\/p>\n<h3><strong>Su privacidad<\/strong><\/h3>\n<p>Lea la <a href=\"https:\/\/sjpd-arts.com\/es\/politica-de-privacidad\/\">pol\u00edtica de privacidad<\/a><\/p>\n<h3><strong>Reserva de derechos<\/strong><\/h3>\n<p>Nos reservamos el derecho de solicitarle que elimine todos los enlaces o cualquier enlace particular a nuestro sitio web. Usted se compromete a eliminar inmediatamente todos los enlaces a nuestro sitio web cuando se le solicite. Tambi\u00e9n nos reservamos el derecho a modificar estos t\u00e9rminos y condiciones y su pol\u00edtica de enlaces en cualquier momento. Al enlazar continuamente a nuestro sitio web, usted acepta someterse y seguir estos t\u00e9rminos y condiciones de enlace.<\/p>\n<h3><strong>Eliminaci\u00f3n de enlaces de nuestro sitio web<\/strong><\/h3>\n<p>Si encuentra alg\u00fan enlace en nuestro sitio web que sea ofensivo por cualquier motivo, puede ponerse en contacto con nosotros e informarnos en cualquier momento. Tendremos en cuenta las solicitudes de eliminaci\u00f3n de enlaces, pero no estamos obligados a ello ni a responderle directamente.<\/p>\n<p>No aseguramos que la informaci\u00f3n contenida en este sitio web sea correcta, no garantizamos su integridad o exactitud; tampoco nos comprometemos a asegurar que el sitio web siga estando disponible o que el material del sitio web se mantenga actualizado.<\/p>\n<h3><strong>Descargo de responsabilidad<\/strong><\/h3>\n<p>En la medida m\u00e1xima permitida por la legislaci\u00f3n aplicable, excluimos todas las representaciones, garant\u00edas y condiciones relacionadas con nuestro sitio web y el uso de este sitio web. Nada de lo dispuesto en esta cl\u00e1usula de exenci\u00f3n de responsabilidad<\/p>\n<ul>\n<li>limita o excluye nuestra o su responsabilidad por muerte o lesiones personales;<\/li>\n<li>limitar\u00e1 o excluir\u00e1 nuestra responsabilidad o la suya por fraude o tergiversaci\u00f3n fraudulenta;<\/li>\n<li>limitar\u00e1 cualquiera de nuestras o sus responsabilidades de cualquier manera que no est\u00e9 permitida por la legislaci\u00f3n aplicable; o<\/li>\n<li>excluir cualquiera de nuestras o sus responsabilidades que no puedan ser excluidas en virtud de la legislaci\u00f3n aplicable.<\/li>\n<\/ul>\n<p>Las limitaciones y prohibiciones de responsabilidad establecidas en esta secci\u00f3n y en otras partes de este descargo de responsabilidad: (a) est\u00e1n sujetas al p\u00e1rrafo anterior; y (b) rigen todas las responsabilidades que se deriven del descargo de responsabilidad, incluidas las responsabilidades contractuales, extracontractuales y por incumplimiento de obligaciones legales.<\/p>\n<p>En la medida en que el sitio web y la informaci\u00f3n y los servicios del sitio web se proporcionan de forma gratuita, no seremos responsables de ninguna p\u00e9rdida o da\u00f1o de cualquier naturaleza.<\/p>\n<p>[\/et_pb_text][\/et_pb_column][\/et_pb_row][\/et_pb_section][et_pb_section fb_built=\u00bb1&#8243; theme_builder_area=\u00bbpost_content\u00bb _builder_version=\u00bb4.17.4&#8243; _module_preset=\u00bbdefault\u00bb background_enable_image=\u00bboff\u00bb hover_enabled=\u00bb0&#8243; sticky_enabled=\u00bb0&#8243;][et_pb_row _builder_version=\u00bb4.17.4&#8243; _module_preset=\u00bbdefault\u00bb theme_builder_area=\u00bbpost_content\u00bb][et_pb_column _builder_version=\u00bb4.17.4&#8243; _module_preset=\u00bbdefault\u00bb theme_builder_area=\u00bbpost_content\u00bb]<div class=\"woocommerce woocommerce-gzd woocommerce-gzd-complaints-shortcode\">\n\t\t\t<h3>Alternative Dispute Resolution in accordance with Art. 14 (1) ODR-VO and \u00a7 36 VSBG:<\/h3>\n\t\nWe are not obliged nor willing to participate in dispute settlement proceedings before a consumer arbitration board.<\/div>[\/et_pb_column][\/et_pb_row][\/et_pb_section]<\/p>\n","protected":false},"excerpt":{"rendered":"<p>\u00a1Bienvenido a SJPD Arts! Estos t\u00e9rminos y condiciones describen las normas y regulaciones para el uso del sitio web de SJPD Arts, ubicado en https:\/\/sjpd-arts.com\/. Al acceder a este sitio web asumimos que acepta estos t\u00e9rminos y condiciones. No contin\u00fae utilizando SJPD Arts si no est\u00e1 de acuerdo en aceptar todos los t\u00e9rminos y condiciones [&hellip;]<\/p>\n","protected":false},"author":1,"featured_media":0,"parent":0,"menu_order":0,"comment_status":"closed","ping_status":"closed","template":"","meta":{"_et_pb_use_builder":"on","_et_pb_old_content":"","_et_gb_content_width":"","footnotes":""},"class_list":["post-589","page","type-page","status-publish","hentry"],"_links":{"self":[{"href":"https:\/\/sjpd-arts.com\/es\/wp-json\/wp\/v2\/pages\/589","targetHints":{"allow":["GET"]}}],"collection":[{"href":"https:\/\/sjpd-arts.com\/es\/wp-json\/wp\/v2\/pages"}],"about":[{"href":"https:\/\/sjpd-arts.com\/es\/wp-json\/wp\/v2\/types\/page"}],"author":[{"embeddable":true,"href":"https:\/\/sjpd-arts.com\/es\/wp-json\/wp\/v2\/users\/1"}],"replies":[{"embeddable":true,"href":"https:\/\/sjpd-arts.com\/es\/wp-json\/wp\/v2\/comments?post=589"}],"version-history":[{"count":0,"href":"https:\/\/sjpd-arts.com\/es\/wp-json\/wp\/v2\/pages\/589\/revisions"}],"wp:attachment":[{"href":"https:\/\/sjpd-arts.com\/es\/wp-json\/wp\/v2\/media?parent=589"}],"curies":[{"name":"wp","href":"https:\/\/api.w.org\/{rel}","templated":true}]}}