{"id":640,"date":"2021-12-15T14:11:26","date_gmt":"2021-12-15T13:11:26","guid":{"rendered":"https:\/\/sjpd-arts.com\/politica-de-privacidad\/"},"modified":"2022-07-09T17:39:36","modified_gmt":"2022-07-09T15:39:36","slug":"politica-de-privacidad","status":"publish","type":"page","link":"https:\/\/sjpd-arts.com\/es\/politica-de-privacidad\/","title":{"rendered":"Pol\u00edtica de privacidad"},"content":{"rendered":"<p>[et_pb_section fb_built=\u00bb1&#8243; fullwidth=\u00bbon\u00bb admin_label=\u00bbHeader Section\u00bb _builder_version=\u00bb4.16&#8243; background_color=\u00bb#dadde2&#8243; hover_enabled=\u00bb0&#8243; locked=\u00bboff\u00bb global_colors_info=\u00bb{}\u00bb sticky_enabled=\u00bb0&#8243;][et_pb_fullwidth_header title=\u00bbPol\u00edtica de privacidad\u00bb text_orientation=\u00bbcenter\u00bb _builder_version=\u00bb4.17.4&#8243; title_font=\u00bbAsap|||on|||||\u00bb title_text_color=\u00bb#ffffff\u00bb title_font_size=\u00bb2vw\u00bb title_letter_spacing=\u00bb7px\u00bb title_line_height=\u00bb1.4em\u00bb content_font=\u00bb||||||||\u00bb subhead_font=\u00bbOswald|||on|||||\u00bb subhead_text_color=\u00bbrgba(12,12,12,0.2)\u00bb subhead_font_size=\u00bb24px\u00bb subhead_letter_spacing=\u00bb15px\u00bb subhead_line_height=\u00bb1.4em\u00bb background_enable_color=\u00bboff\u00bb background_image=\u00bbhttps:\/\/sjpd-arts.com\/wp-content\/uploads\/2021\/12\/DSC06608.jpg\u00bb custom_margin=\u00bb||||false|false\u00bb custom_padding=\u00bb||||false|false\u00bb animation_style=\u00bbzoom\u00bb animation_direction=\u00bbbottom\u00bb animation_intensity_zoom=\u00bb8%\u00bb title_text_shadow_style=\u00bbpreset3&#8243; title_text_shadow_color=\u00bbrgba(12,12,12,0.15)\u00bb global_colors_info=\u00bb{}\u00bb button_one_text_size__hover_enabled=\u00bboff\u00bb button_two_text_size__hover_enabled=\u00bboff\u00bb button_one_text_color__hover_enabled=\u00bboff\u00bb button_two_text_color__hover_enabled=\u00bboff\u00bb button_one_border_width__hover_enabled=\u00bboff\u00bb button_two_border_width__hover_enabled=\u00bboff\u00bb button_one_border_color__hover_enabled=\u00bboff\u00bb button_two_border_color__hover_enabled=\u00bboff\u00bb button_one_border_radius__hover_enabled=\u00bboff\u00bb button_two_border_radius__hover_enabled=\u00bboff\u00bb button_one_letter_spacing__hover_enabled=\u00bboff\u00bb button_two_letter_spacing__hover_enabled=\u00bboff\u00bb button_one_bg_color__hover_enabled=\u00bboff\u00bb button_two_bg_color__hover_enabled=\u00bboff\u00bb][\/et_pb_fullwidth_header][\/et_pb_section][et_pb_section fb_built=\u00bb1&#8243; _builder_version=\u00bb4.17.4&#8243; _module_preset=\u00bbdefault\u00bb hover_enabled=\u00bb0&#8243; global_colors_info=\u00bb{}\u00bb background_enable_image=\u00bboff\u00bb sticky_enabled=\u00bb0&#8243;][et_pb_row _builder_version=\u00bb4.16&#8243; _module_preset=\u00bbdefault\u00bb global_colors_info=\u00bb{}\u00bb][et_pb_column type=\u00bb4_4&#8243; _builder_version=\u00bb4.16&#8243; _module_preset=\u00bbdefault\u00bb global_colors_info=\u00bb{}\u00bb][et_pb_text _builder_version=\u00bb4.16&#8243; _module_preset=\u00bbdefault\u00bb text_font=\u00bbLato||||||||\u00bb global_colors_info=\u00bb{}\u00bb]<\/p>\n<h3>Pol\u00edtica de privacidad de SJPD-Arts<\/h3>\n<p>Esta pol\u00edtica de privacidad describe c\u00f3mo se recoge, utiliza y comparte su informaci\u00f3n personal cuando visita o realiza una compra en https:\/\/sjpd-arts.com\/ (el \u00abSitio\u00bb).<\/p>\n<h3>Informaci\u00f3n personal que recogemos<\/h3>\n<p>Cuando usted visita el Sitio, recopilamos autom\u00e1ticamente cierta informaci\u00f3n sobre su dispositivo, incluyendo informaci\u00f3n sobre su navegador web, direcci\u00f3n IP, zona horaria y algunas de las cookies que est\u00e1n instaladas en su dispositivo. Adem\u00e1s, mientras navega por el Sitio, recopilamos informaci\u00f3n sobre las p\u00e1ginas web individuales o los productos que ve, qu\u00e9 sitios web o t\u00e9rminos de b\u00fasqueda le han remitido al Sitio, e informaci\u00f3n sobre c\u00f3mo interact\u00faa con el Sitio. Nos referimos a esta informaci\u00f3n recopilada autom\u00e1ticamente como \u00abInformaci\u00f3n del dispositivo\u00bb.<\/p>\n<h3>Recogemos la informaci\u00f3n del dispositivo utilizando las siguientes tecnolog\u00edas:<\/h3>\n<p>&#8211; Las \u00abcookies\u00bb son archivos de datos que se colocan en su dispositivo u ordenador y suelen incluir un identificador \u00fanico an\u00f3nimo. Para obtener m\u00e1s informaci\u00f3n sobre las cookies y c\u00f3mo desactivarlas, visite http:\/\/www.allaboutcookies.org.<\/p>\n<p>&#8211; Los \u00abarchivos de registro\u00bb hacen un seguimiento de las acciones que se producen en el Sitio, y recogen datos como su direcci\u00f3n IP, el tipo de navegador, el proveedor de servicios de Internet, las p\u00e1ginas de referencia\/salida y las marcas de fecha\/hora.<br \/>&#8211; Las \u00abbalizas web\u00bb, \u00abetiquetas\u00bb y \u00abp\u00edxeles\u00bb son archivos electr\u00f3nicos que se utilizan para registrar informaci\u00f3n sobre c\u00f3mo se navega por el Sitio.<\/p>\n<p>Adem\u00e1s, cuando usted realiza una compra o intenta realizarla a trav\u00e9s del Sitio, recopilamos cierta informaci\u00f3n sobre usted, como su nombre, direcci\u00f3n de facturaci\u00f3n, direcci\u00f3n de env\u00edo, informaci\u00f3n de pago (incluidos los n\u00fameros de las tarjetas de cr\u00e9dito), direcci\u00f3n de correo electr\u00f3nico y n\u00famero de tel\u00e9fono. Nos referimos a esta informaci\u00f3n como \u00abInformaci\u00f3n del pedido\u00bb.<\/p>\n<p>Cuando hablamos de \u00abInformaci\u00f3n Personal\u00bb en esta Pol\u00edtica de Privacidad, nos referimos tanto a la Informaci\u00f3n del Dispositivo como a la Informaci\u00f3n del Pedido.<\/p>\n<h3>\u00bfC\u00f3mo utilizamos su informaci\u00f3n personal?<\/h3>\n<p>Utilizamos la Informaci\u00f3n del Pedido que recopilamos generalmente para cumplir con los pedidos realizados a trav\u00e9s del Sitio (incluyendo el procesamiento de su informaci\u00f3n de pago, la organizaci\u00f3n del env\u00edo y el suministro de facturas y\/o confirmaciones de pedidos). Adem\u00e1s, utilizamos esta informaci\u00f3n de pedido para:<br \/>Comunicarnos con usted;<br \/>Examinar nuestros pedidos para detectar posibles riesgos o fraudes; y<br \/>Cuando se ajusta a las preferencias que usted ha compartido con nosotros, proporcionarle informaci\u00f3n o publicidad relacionada con nuestros productos o servicios.<\/p>\n<p>Utilizamos la Informaci\u00f3n del Dispositivo que recopilamos para ayudarnos a detectar posibles riesgos y fraudes (en particular, su direcci\u00f3n IP) y, de forma m\u00e1s general, para mejorar y optimizar nuestro Sitio (por ejemplo, generando an\u00e1lisis sobre c\u00f3mo nuestros clientes navegan e interact\u00faan con el Sitio, y para evaluar el \u00e9xito de nuestras campa\u00f1as de marketing y publicidad).<\/p>\n<h3>Compartir su informaci\u00f3n personal<\/h3>\n<p>Compartimos su informaci\u00f3n personal con terceros para que nos ayuden a utilizar su informaci\u00f3n personal, como se ha descrito anteriormente. Por ejemplo, utilizamos Google Analytics para ayudarnos a comprender c\u00f3mo utilizan nuestros clientes el Sitio; puede obtener m\u00e1s informaci\u00f3n sobre c\u00f3mo utiliza Google su Informaci\u00f3n Personal aqu\u00ed: https:\/\/www.google.com\/intl\/en\/policies\/privacy\/. Tambi\u00e9n puede excluirse de Google Analytics aqu\u00ed: https:\/\/tools.google.com\/dlpage\/gaoptout.<\/p>\n<p>Por \u00faltimo, tambi\u00e9n podemos compartir sus Datos Personales para cumplir con las leyes y reglamentos aplicables, para responder a una citaci\u00f3n, orden de registro u otra solicitud legal de informaci\u00f3n que recibamos, o para proteger nuestros derechos.<\/p>\n<h3>Publicidad dirigida<\/h3>\n<p>Tal y como se ha descrito anteriormente, utilizamos sus Datos Personales para ofrecerle publicidad dirigida o comunicaciones de marketing que creemos que pueden ser de su inter\u00e9s. Para obtener m\u00e1s informaci\u00f3n sobre c\u00f3mo funciona la publicidad dirigida, puede visitar la p\u00e1gina educativa de la Iniciativa de Publicidad en Red (\u00abNAI\u00bb) en http:\/\/www.networkadvertising.org\/understanding-online-advertising\/how-does-it-work.<\/p>\n<h3>No rastrear<\/h3>\n<p>Tenga en cuenta que no alteramos las pr\u00e1cticas de recopilaci\u00f3n y uso de datos de nuestro Sitio cuando vemos una se\u00f1al de \u00abNo rastrear\u00bb de su navegador.<\/p>\n<h3>Sus derechos<\/h3>\n<p>Si usted es un residente europeo, tiene derecho a acceder a la informaci\u00f3n personal que tenemos sobre usted y a pedir que su informaci\u00f3n personal sea corregida, actualizada o eliminada. Si desea ejercer este derecho, p\u00f3ngase en contacto con nosotros a trav\u00e9s de la informaci\u00f3n de contacto que figura a continuaci\u00f3n.<br \/>Adem\u00e1s, si usted es un residente europeo, le informamos de que estamos procesando su informaci\u00f3n para cumplir con los contratos que podamos tener con usted (por ejemplo, si hace un pedido a trav\u00e9s del sitio), o para perseguir nuestros intereses comerciales leg\u00edtimos enumerados anteriormente. Adem\u00e1s, tenga en cuenta que su informaci\u00f3n ser\u00e1 transferida fuera de Europa, incluso a Canad\u00e1 y Estados Unidos.<\/p>\n<h3>Retenci\u00f3n de datos<\/h3>\n<p>Cuando realice un pedido a trav\u00e9s del Sitio, conservaremos la informaci\u00f3n de su pedido en nuestros registros, a menos que nos pida que la eliminemos.<\/p>\n<h3>Cambios<\/h3>\n<p>Podemos actualizar esta pol\u00edtica de privacidad de vez en cuando para reflejar, por ejemplo, los cambios en nuestras pr\u00e1cticas o por otras razones operativas, legales o reglamentarias.<\/p>\n<h3>Contacto con nosotros<\/h3>\n<p>Para obtener m\u00e1s informaci\u00f3n sobre nuestras pr\u00e1cticas de privacidad, si tiene preguntas o si desea presentar una queja, p\u00f3ngase en contacto con nosotros por correo electr\u00f3nico en info@sjpd-arts.com<\/p>\n<p>[\/et_pb_text][\/et_pb_column][\/et_pb_row][\/et_pb_section]<\/p>\n","protected":false},"excerpt":{"rendered":"<p>Pol\u00edtica de privacidad de SJPD-Arts Esta pol\u00edtica de privacidad describe c\u00f3mo se recoge, utiliza y comparte su informaci\u00f3n personal cuando visita o realiza una compra en https:\/\/sjpd-arts.com\/ (el \u00abSitio\u00bb). Informaci\u00f3n personal que recogemos Cuando usted visita el Sitio, recopilamos autom\u00e1ticamente cierta informaci\u00f3n sobre su dispositivo, incluyendo informaci\u00f3n sobre su navegador web, direcci\u00f3n IP, zona horaria [&hellip;]<\/p>\n","protected":false},"author":1,"featured_media":0,"parent":0,"menu_order":0,"comment_status":"closed","ping_status":"closed","template":"","meta":{"_et_pb_use_builder":"on","_et_pb_old_content":"","_et_gb_content_width":"","footnotes":""},"class_list":["post-640","page","type-page","status-publish","hentry"],"_links":{"self":[{"href":"https:\/\/sjpd-arts.com\/es\/wp-json\/wp\/v2\/pages\/640","targetHints":{"allow":["GET"]}}],"collection":[{"href":"https:\/\/sjpd-arts.com\/es\/wp-json\/wp\/v2\/pages"}],"about":[{"href":"https:\/\/sjpd-arts.com\/es\/wp-json\/wp\/v2\/types\/page"}],"author":[{"embeddable":true,"href":"https:\/\/sjpd-arts.com\/es\/wp-json\/wp\/v2\/users\/1"}],"replies":[{"embeddable":true,"href":"https:\/\/sjpd-arts.com\/es\/wp-json\/wp\/v2\/comments?post=640"}],"version-history":[{"count":0,"href":"https:\/\/sjpd-arts.com\/es\/wp-json\/wp\/v2\/pages\/640\/revisions"}],"wp:attachment":[{"href":"https:\/\/sjpd-arts.com\/es\/wp-json\/wp\/v2\/media?parent=640"}],"curies":[{"name":"wp","href":"https:\/\/api.w.org\/{rel}","templated":true}]}}