{"id":820,"date":"2022-01-08T17:55:38","date_gmt":"2022-01-08T16:55:38","guid":{"rendered":"https:\/\/sjpd-arts.com\/product\/wave\/"},"modified":"2025-10-01T17:15:01","modified_gmt":"2025-10-01T15:15:01","slug":"wave","status":"publish","type":"product","link":"https:\/\/sjpd-arts.com\/es\/producto\/wave\/","title":{"rendered":"Wave"},"content":{"rendered":"","protected":false},"excerpt":{"rendered":"<p>El poder \u00fanico de la naturaleza: s\u00fabito e instant\u00e1neo.<\/p>\n<ul>\n<li>Acr\u00edlico sobre lienzo<\/li>\n<li>Tama\u00f1o: 60 x 80 cm<\/li>\n<li>Doble capa de laca brillante<\/li>\n<li>Firmado y refrendado por Simon Jean-Pierre Desmots<\/li>\n<li>Certificado de autenticidad incluido<\/li>\n<\/ul>\n","protected":false},"featured_media":1200,"comment_status":"open","ping_status":"closed","template":"","meta":{"_et_pb_use_builder":"","_et_pb_old_content":"","_et_gb_content_width":""},"product_brand":[],"product_cat":[139],"product_tag":[133],"class_list":{"0":"post-820","1":"product","2":"type-product","3":"status-publish","4":"has-post-thumbnail","6":"product_cat-original-es","7":"product_tag-original-es","9":"first","10":"instock","11":"sold-individually","12":"shipping-taxable","13":"purchasable","14":"product-type-simple"},"_links":{"self":[{"href":"https:\/\/sjpd-arts.com\/es\/wp-json\/wp\/v2\/product\/820","targetHints":{"allow":["GET"]}}],"collection":[{"href":"https:\/\/sjpd-arts.com\/es\/wp-json\/wp\/v2\/product"}],"about":[{"href":"https:\/\/sjpd-arts.com\/es\/wp-json\/wp\/v2\/types\/product"}],"replies":[{"embeddable":true,"href":"https:\/\/sjpd-arts.com\/es\/wp-json\/wp\/v2\/comments?post=820"}],"wp:featuredmedia":[{"embeddable":true,"href":"https:\/\/sjpd-arts.com\/es\/wp-json\/wp\/v2\/media\/1200"}],"wp:attachment":[{"href":"https:\/\/sjpd-arts.com\/es\/wp-json\/wp\/v2\/media?parent=820"}],"wp:term":[{"taxonomy":"product_brand","embeddable":true,"href":"https:\/\/sjpd-arts.com\/es\/wp-json\/wp\/v2\/product_brand?post=820"},{"taxonomy":"product_cat","embeddable":true,"href":"https:\/\/sjpd-arts.com\/es\/wp-json\/wp\/v2\/product_cat?post=820"},{"taxonomy":"product_tag","embeddable":true,"href":"https:\/\/sjpd-arts.com\/es\/wp-json\/wp\/v2\/product_tag?post=820"}],"curies":[{"name":"wp","href":"https:\/\/api.w.org\/{rel}","templated":true}]}}