{"id":520,"date":"2021-12-14T19:34:17","date_gmt":"2021-12-14T18:34:17","guid":{"rendered":"https:\/\/sjpd-arts.com\/conditions-generales-dutilisation\/"},"modified":"2022-07-09T17:42:08","modified_gmt":"2022-07-09T15:42:08","slug":"conditions-generales-dutilisation","status":"publish","type":"page","link":"https:\/\/sjpd-arts.com\/fr\/conditions-generales-dutilisation\/","title":{"rendered":"Conditions g\u00e9n\u00e9rales d&rsquo;utilisation"},"content":{"rendered":"<p>[et_pb_section fb_built=\u00a0\u00bb1&Prime; fullwidth=\u00a0\u00bbon\u00a0\u00bb admin_label=\u00a0\u00bbHeader Section\u00a0\u00bb _builder_version=\u00a0\u00bb4.16&Prime; background_color=\u00a0\u00bb#dadde2&Prime; hover_enabled=\u00a0\u00bb0&Prime; locked=\u00a0\u00bboff\u00a0\u00bb global_colors_info=\u00a0\u00bb{}\u00a0\u00bb sticky_enabled=\u00a0\u00bb0&Prime;][et_pb_fullwidth_header title=\u00a0\u00bbConditions g\u00e9n\u00e9rales d&rsquo;utilisation\u00a0\u00bb text_orientation=\u00a0\u00bbcenter\u00a0\u00bb _builder_version=\u00a0\u00bb4.17.4&Prime; title_font=\u00a0\u00bbAsap|||on|||||\u00a0\u00bb title_text_color=\u00a0\u00bb#ffffff\u00a0\u00bb title_font_size=\u00a0\u00bb2vw\u00a0\u00bb title_letter_spacing=\u00a0\u00bb7px\u00a0\u00bb title_line_height=\u00a0\u00bb1.4em\u00a0\u00bb content_font=\u00a0\u00bb||||||||\u00a0\u00bb subhead_font=\u00a0\u00bbOswald|||on|||||\u00a0\u00bb subhead_text_color=\u00a0\u00bbrgba(12,12,12,0.2)\u00a0\u00bb subhead_font_size=\u00a0\u00bb24px\u00a0\u00bb subhead_letter_spacing=\u00a0\u00bb15px\u00a0\u00bb subhead_line_height=\u00a0\u00bb1.4em\u00a0\u00bb background_enable_color=\u00a0\u00bboff\u00a0\u00bb background_image=\u00a0\u00bbhttps:\/\/sjpd-arts.com\/wp-content\/uploads\/2021\/12\/DSC06608.jpg\u00a0\u00bb custom_margin=\u00a0\u00bb||||false|false\u00a0\u00bb custom_padding=\u00a0\u00bb||||false|false\u00a0\u00bb animation_style=\u00a0\u00bbzoom\u00a0\u00bb animation_direction=\u00a0\u00bbbottom\u00a0\u00bb animation_intensity_zoom=\u00a0\u00bb8%\u00a0\u00bb title_text_shadow_style=\u00a0\u00bbpreset3&Prime; title_text_shadow_color=\u00a0\u00bbrgba(12,12,12,0.15)\u00a0\u00bb global_colors_info=\u00a0\u00bb{}\u00a0\u00bb button_one_text_size__hover_enabled=\u00a0\u00bboff\u00a0\u00bb button_two_text_size__hover_enabled=\u00a0\u00bboff\u00a0\u00bb button_one_text_color__hover_enabled=\u00a0\u00bboff\u00a0\u00bb button_two_text_color__hover_enabled=\u00a0\u00bboff\u00a0\u00bb button_one_border_width__hover_enabled=\u00a0\u00bboff\u00a0\u00bb button_two_border_width__hover_enabled=\u00a0\u00bboff\u00a0\u00bb button_one_border_color__hover_enabled=\u00a0\u00bboff\u00a0\u00bb button_two_border_color__hover_enabled=\u00a0\u00bboff\u00a0\u00bb button_one_border_radius__hover_enabled=\u00a0\u00bboff\u00a0\u00bb button_two_border_radius__hover_enabled=\u00a0\u00bboff\u00a0\u00bb button_one_letter_spacing__hover_enabled=\u00a0\u00bboff\u00a0\u00bb button_two_letter_spacing__hover_enabled=\u00a0\u00bboff\u00a0\u00bb button_one_bg_color__hover_enabled=\u00a0\u00bboff\u00a0\u00bb button_two_bg_color__hover_enabled=\u00a0\u00bboff\u00a0\u00bb][\/et_pb_fullwidth_header][\/et_pb_section][et_pb_section fb_built=\u00a0\u00bb1&Prime; _builder_version=\u00a0\u00bb4.17.4&Prime; _module_preset=\u00a0\u00bbdefault\u00a0\u00bb hover_enabled=\u00a0\u00bb0&Prime; global_colors_info=\u00a0\u00bb{}\u00a0\u00bb background_enable_image=\u00a0\u00bboff\u00a0\u00bb sticky_enabled=\u00a0\u00bb0&Prime;][et_pb_row _builder_version=\u00a0\u00bb4.16&Prime; _module_preset=\u00a0\u00bbdefault\u00a0\u00bb global_colors_info=\u00a0\u00bb{}\u00a0\u00bb][et_pb_column type=\u00a0\u00bb4_4&Prime; _builder_version=\u00a0\u00bb4.16&Prime; _module_preset=\u00a0\u00bbdefault\u00a0\u00bb global_colors_info=\u00a0\u00bb{}\u00a0\u00bb][et_pb_text _builder_version=\u00a0\u00bb4.16&Prime; _module_preset=\u00a0\u00bbdefault\u00a0\u00bb global_colors_info=\u00a0\u00bb{}\u00a0\u00bb]<\/p>\n<h2><\/h2>\n<p>Bienvenue sur le site de SJPD Arts !<\/p>\n<p>Les pr\u00e9sentes conditions g\u00e9n\u00e9rales d\u00e9finissent les r\u00e8gles d&rsquo;utilisation du site Web de SJPD Arts, situ\u00e9 \u00e0 l&rsquo;adresse https:\/\/sjpd-arts.com\/.<\/p>\n<p>En acc\u00e9dant \u00e0 ce site Web, nous supposons que vous acceptez ces conditions. Ne continuez pas \u00e0 utiliser SJPD Arts si vous n&rsquo;acceptez pas de prendre toutes les conditions \u00e9nonc\u00e9es sur cette page.<\/p>\n<p>La terminologie suivante s&rsquo;applique aux pr\u00e9sentes conditions g\u00e9n\u00e9rales, \u00e0 la d\u00e9claration de confidentialit\u00e9 et \u00e0 l&rsquo;avis de non-responsabilit\u00e9 ainsi qu&rsquo;\u00e0 tous les accords : \u00ab\u00a0Client\u00a0\u00bb, \u00ab\u00a0Vous\u00a0\u00bb et \u00ab\u00a0Votre\u00a0\u00bb font r\u00e9f\u00e9rence \u00e0 vous, la personne qui se connecte \u00e0 ce site Web et qui se conforme aux conditions de la Soci\u00e9t\u00e9. \u00ab\u00a0La Soci\u00e9t\u00e9\u00a0\u00bb, \u00ab\u00a0Nous\u00a0\u00bb, \u00ab\u00a0Notre\u00a0\u00bb, \u00ab\u00a0Nos\u00a0\u00bb et \u00ab\u00a0Nous\u00a0\u00bb, d\u00e9signe notre Soci\u00e9t\u00e9. \u00ab\u00a0Partie\u00a0\u00bb, \u00ab\u00a0Parties\u00a0\u00bb, ou \u00ab\u00a0Nous\u00a0\u00bb, d\u00e9signe \u00e0 la fois le client et nous-m\u00eames. Tous les termes font r\u00e9f\u00e9rence \u00e0 l&rsquo;offre, \u00e0 l&rsquo;acceptation et \u00e0 la prise en compte du paiement n\u00e9cessaire pour entreprendre le processus de notre assistance au Client de la mani\u00e8re la plus appropri\u00e9e dans le but expr\u00e8s de r\u00e9pondre aux besoins du Client en ce qui concerne la fourniture des services d\u00e9clar\u00e9s de la Soci\u00e9t\u00e9, conform\u00e9ment et sous r\u00e9serve de la loi allemande en vigueur. Toute utilisation de la terminologie ci-dessus ou d&rsquo;autres mots au singulier, au pluriel, en majuscules et\/ou il\/elle ou ils\/elles, sont consid\u00e9r\u00e9s comme interchangeables et donc comme se r\u00e9f\u00e9rant au m\u00eame.<\/p>\n<h3><strong>Cookies<\/strong><\/h3>\n<p>Nous utilisons des cookies. En acc\u00e9dant \u00e0 SJPD Arts, vous acceptez d&rsquo;utiliser des cookies en accord avec la politique de confidentialit\u00e9 de SJPD Arts.<\/p>\n<p>La plupart des sites Web interactifs utilisent des cookies pour nous permettre de r\u00e9cup\u00e9rer les donn\u00e9es de l&rsquo;utilisateur \u00e0 chaque visite. Les cookies sont utilis\u00e9s par notre site Web pour permettre la fonctionnalit\u00e9 de certaines zones afin de faciliter la t\u00e2che des personnes qui visitent notre site Web. Certains de nos partenaires affili\u00e9s\/publicitaires peuvent \u00e9galement utiliser des cookies.<\/p>\n<h3><strong>Licence<\/strong><\/h3>\n<p>Sauf indication contraire, SJPD Arts et\/ou ses conc\u00e9dants de licence d\u00e9tiennent les droits de propri\u00e9t\u00e9 intellectuelle de tout le mat\u00e9riel sur SJPD Arts. Tous les droits de propri\u00e9t\u00e9 intellectuelle sont r\u00e9serv\u00e9s. Vous pouvez acc\u00e9der au site de SJPD Arts pour votre usage personnel, sous r\u00e9serve des restrictions \u00e9nonc\u00e9es dans les pr\u00e9sentes conditions.<\/p>\n<p>Vous ne devez pas :<\/p>\n<ul>\n<li>Republier le mat\u00e9riel de SJPD Arts<\/li>\n<li>vendre, louer ou accorder une sous-licence pour le mat\u00e9riel de SJPD Arts<\/li>\n<li>Reproduire, dupliquer ou copier le mat\u00e9riel de SJPD Arts<\/li>\n<li>Redistribuer le contenu de SJPD Arts.<\/li>\n<\/ul>\n<p>Le pr\u00e9sent accord prend effet \u00e0 la date du 22\/11\/2021.<\/p>\n<p>Certaines parties de ce site Web offrent aux utilisateurs la possibilit\u00e9 de publier et d&rsquo;\u00e9changer des opinions et des informations dans certaines zones du site. SJPD Arts ne filtre pas, n&rsquo;\u00e9dite pas, ne publie pas et ne r\u00e9vise pas les commentaires avant leur pr\u00e9sence sur le site Web. Les commentaires ne refl\u00e8tent pas les points de vue et les opinions de SJPD Arts, de ses agents et\/ou de ses affili\u00e9s. Les commentaires refl\u00e8tent les points de vue et les opinions de la personne qui les affiche. Dans la mesure permise par les lois applicables, SJPD Arts ne peut \u00eatre tenue responsable des commentaires ou de toute responsabilit\u00e9, de tout dommage ou de toute d\u00e9pense caus\u00e9s et\/ou subis en raison de l&rsquo;utilisation et\/ou de l&rsquo;affichage et\/ou de la pr\u00e9sence des commentaires sur ce site Web.<\/p>\n<p>SJPD Arts se r\u00e9serve le droit de surveiller tous les commentaires et de supprimer tout commentaire qui peut \u00eatre consid\u00e9r\u00e9 comme inappropri\u00e9, offensant ou qui constitue une violation des pr\u00e9sentes conditions g\u00e9n\u00e9rales.<\/p>\n<p>Vous garantissez et d\u00e9clarez que :<\/p>\n<ul>\n<li>Vous \u00eates autoris\u00e9 \u00e0 publier les Commentaires sur notre site web et disposez de toutes les licences et autorisations n\u00e9cessaires pour le faire ;<\/li>\n<li>Les Commentaires ne portent atteinte \u00e0 aucun droit de propri\u00e9t\u00e9 intellectuelle, y compris, mais sans s&rsquo;y limiter, les droits d&rsquo;auteur, les brevets ou les marques de commerce d&rsquo;un tiers ;<\/li>\n<li>Les Commentaires ne contiennent aucun \u00e9l\u00e9ment diffamatoire, calomnieux, offensant, ind\u00e9cent ou autrement ill\u00e9gal qui constitue une atteinte \u00e0 la vie priv\u00e9e.<\/li>\n<li>Les Commentaires ne seront pas utilis\u00e9s pour solliciter ou promouvoir des affaires ou des coutumes ou pr\u00e9senter des activit\u00e9s commerciales ou des activit\u00e9s ill\u00e9gales.<\/li>\n<\/ul>\n<p>Vous accordez par la pr\u00e9sente \u00e0 SJPD Arts une licence non exclusive pour utiliser, reproduire, \u00e9diter et autoriser d&rsquo;autres personnes \u00e0 utiliser, reproduire et \u00e9diter l&rsquo;un de vos commentaires sous toutes les formes, formats ou m\u00e9dias.<\/p>\n<h3><strong>Hyperliens vers notre contenu<\/strong><\/h3>\n<p>Les organisations suivantes peuvent \u00e9tablir un lien avec notre site Web sans autorisation \u00e9crite pr\u00e9alable :<\/p>\n<ul>\n<li>Agences gouvernementales ;<\/li>\n<li>Moteurs de recherche ;<\/li>\n<li>Organismes de presse ;<\/li>\n<li>Les distributeurs d&rsquo;annuaires en ligne peuvent cr\u00e9er des liens vers notre site Web de la m\u00eame mani\u00e8re qu&rsquo;ils cr\u00e9ent des hyperliens vers les sites Web d&rsquo;autres entreprises r\u00e9pertori\u00e9es ; et<\/li>\n<li>Les entreprises accr\u00e9dit\u00e9es \u00e0 l&rsquo;\u00e9chelle du syst\u00e8me, \u00e0 l&rsquo;exception des organisations \u00e0 but non lucratif, des centres commerciaux caritatifs et des groupes de collecte de fonds caritatifs, qui ne peuvent pas \u00e9tablir d&rsquo;hyperlien vers notre site Web.<\/li>\n<\/ul>\n<p>Ces organisations peuvent \u00e9tablir un lien vers notre page d&rsquo;accueil, vers des publications ou vers d&rsquo;autres informations du site Web, \u00e0 condition que le lien : (a) ne soit en aucun cas trompeur ; (b) n&rsquo;implique pas faussement le parrainage, l&rsquo;approbation ou le soutien de la partie qui propose le lien et de ses produits et\/ou services ; et (c) s&rsquo;inscrive dans le contexte du site de la partie qui propose le lien.<\/p>\n<p>Nous pouvons prendre en consid\u00e9ration et approuver d&rsquo;autres demandes de liens \u00e9manant des types d&rsquo;organisations suivants :<\/p>\n<ul>\n<li>des sources d&rsquo;informations commun\u00e9ment connues sur les consommateurs et\/ou les entreprises<\/li>\n<li>sites communautaires dot.com<\/li>\n<li>associations ou autres groupes repr\u00e9sentant des organisations caritatives<\/li>\n<li>distributeurs d&rsquo;annuaires en ligne<\/li>\n<li>portails Internet ;<\/li>\n<li>des cabinets comptables, juridiques et de conseil ; et<\/li>\n<li>des \u00e9tablissements d&rsquo;enseignement et des associations professionnelles.<\/li>\n<\/ul>\n<p>Nous approuverons les demandes de liens de ces organisations si nous d\u00e9cidons que : (a) le lien ne nous donnera pas une image d\u00e9favorable de nous-m\u00eames ou des entreprises accr\u00e9dit\u00e9es ; (b) l&rsquo;organisation n&rsquo;a pas d&rsquo;ant\u00e9c\u00e9dents n\u00e9gatifs avec nous ; (c) l&rsquo;avantage pour nous de la visibilit\u00e9 de l&rsquo;hyperlien compense l&rsquo;absence de SJPD Arts ; et (d) le lien est dans le contexte d&rsquo;une information g\u00e9n\u00e9rale sur les ressources.<\/p>\n<p>Ces organisations peuvent \u00e9tablir un lien avec notre page d&rsquo;accueil \u00e0 condition que le lien : (a) ne soit en aucun cas trompeur ; (b) n&rsquo;implique pas faussement le parrainage, l&rsquo;endossement ou l&rsquo;approbation de la partie li\u00e9e et de ses produits ou services ; et (c) s&rsquo;inscrive dans le contexte du site de la partie qui propose le lien.<\/p>\n<p>Si vous \u00eates l&rsquo;une des organisations \u00e9num\u00e9r\u00e9es au paragraphe 2 ci-dessus et que vous souhaitez \u00e9tablir un lien avec notre site Web, vous devez nous en informer en envoyant un courriel \u00e0 SJPD Arts. Veuillez inclure votre nom, le nom de votre organisation, vos coordonn\u00e9es ainsi que l&rsquo;URL de votre site, une liste de toutes les URL \u00e0 partir desquelles vous avez l&rsquo;intention de cr\u00e9er un lien vers notre site Web, et une liste des URL de notre site vers lesquelles vous souhaitez cr\u00e9er un lien. Attendez 2 \u00e0 3 semaines pour recevoir une r\u00e9ponse.<\/p>\n<p>Les organisations approuv\u00e9es peuvent cr\u00e9er un hyperlien vers notre site Web de la mani\u00e8re suivante :<\/p>\n<ul>\n<li>En utilisant notre d\u00e9nomination sociale ; ou<\/li>\n<li>en utilisant le localisateur de ressources uniforme auquel le lien renvoie ; ou<\/li>\n<li>par l&rsquo;utilisation de toute autre description de notre site Web qui a un sens dans le contexte et le format du contenu du site de la partie qui \u00e9tablit le lien.<\/li>\n<\/ul>\n<p>L&rsquo;utilisation du logo ou d&rsquo;autres illustrations de SJPD Arts ne sera pas autoris\u00e9e pour l&rsquo;\u00e9tablissement d&rsquo;un lien en l&rsquo;absence d&rsquo;un accord de licence de marque.<\/p>\n<h3><strong>iFrames<\/strong><\/h3>\n<p>Sans autorisation pr\u00e9alable et \u00e9crite, il est interdit de cr\u00e9er des cadres autour de nos pages Web qui modifient de quelque fa\u00e7on que ce soit la pr\u00e9sentation visuelle ou l&rsquo;apparence de notre site Web.<\/p>\n<h3><strong>Responsabilit\u00e9 du contenu<\/strong><\/h3>\n<p>Nous ne pouvons \u00eatre tenus responsables du contenu qui appara\u00eet sur votre site Web. Vous acceptez de nous prot\u00e9ger et de nous d\u00e9fendre contre toutes les r\u00e9clamations qui s&rsquo;\u00e9l\u00e8vent sur votre site Web. Aucun lien ne doit appara\u00eetre sur un site Web qui pourrait \u00eatre interpr\u00e9t\u00e9 comme \u00e9tant diffamatoire, obsc\u00e8ne ou criminel, ou qui enfreint, viole de quelque mani\u00e8re que ce soit, ou pr\u00e9conise l&rsquo;enfreinte ou toute autre violation des droits d&rsquo;un tiers.<\/p>\n<h3><strong>Votre vie priv\u00e9e<\/strong><\/h3>\n<p>Veuillez lire la <a href=\"https:\/\/sjpd-arts.com\/fr\/politique-de-confidentialite\/\">politique de confidentialit\u00e9<\/a><\/p>\n<h3><strong>R\u00e9serve de droits<\/strong><\/h3>\n<p>Nous nous r\u00e9servons le droit de vous demander de supprimer tous les liens ou tout lien particulier vers notre site Web. Vous acceptez de retirer imm\u00e9diatement tous les liens vers notre site Web sur demande. Nous nous r\u00e9servons \u00e9galement le droit de modifier \u00e0 tout moment les pr\u00e9sentes conditions g\u00e9n\u00e9rales et la politique en mati\u00e8re de liens. En cr\u00e9ant continuellement des liens vers notre site Web, vous acceptez d&rsquo;\u00eatre li\u00e9 \u00e0 ces conditions et de les suivre.<\/p>\n<h3><strong>Suppression de liens sur notre site web<\/strong><\/h3>\n<p>Si vous trouvez un lien sur notre site Web qui est offensant pour une raison quelconque, vous \u00eates libre de nous contacter et de nous en informer \u00e0 tout moment. Nous examinerons les demandes de suppression de liens, mais nous ne sommes pas oblig\u00e9s de le faire ou de vous r\u00e9pondre directement.<\/p>\n<p>Nous ne garantissons pas l&rsquo;exactitude des informations contenues dans ce site web, ni leur exhaustivit\u00e9 ou leur pr\u00e9cision ; nous ne promettons pas non plus de garantir que le site web reste disponible ou que le mat\u00e9riel contenu dans le site web soit maintenu \u00e0 jour.<\/p>\n<h3><strong>Clause de non-responsabilit\u00e9<\/strong><\/h3>\n<p>Dans la mesure maximale autoris\u00e9e par la loi applicable, nous excluons toutes les repr\u00e9sentations, garanties et conditions relatives \u00e0 notre site web et \u00e0 l&rsquo;utilisation de celui-ci. Rien dans cette clause de non-responsabilit\u00e9 ne pourra :<\/p>\n<ul>\n<li>limiter ou exclure notre ou votre responsabilit\u00e9 en cas de d\u00e9c\u00e8s ou de pr\u00e9judice corporel ;<\/li>\n<li>limiter ou exclure notre ou votre responsabilit\u00e9 en cas de fraude ou de d\u00e9claration frauduleuse ;<\/li>\n<li>limiter l&rsquo;une quelconque de nos ou de vos responsabilit\u00e9s d&rsquo;une mani\u00e8re qui n&rsquo;est pas autoris\u00e9e par la loi applicable ; ou<\/li>\n<li>exclure l&rsquo;une quelconque de nos ou de vos responsabilit\u00e9s qui ne peut \u00eatre exclue en vertu de la loi applicable.<\/li>\n<\/ul>\n<p>Les limitations et interdictions de responsabilit\u00e9 \u00e9nonc\u00e9es dans la pr\u00e9sente section et ailleurs dans le pr\u00e9sent avis de non-responsabilit\u00e9 : (a) sont soumises au paragraphe pr\u00e9c\u00e9dent ; et (b) r\u00e9gissent toutes les responsabilit\u00e9s d\u00e9coulant de l&rsquo;avis de non-responsabilit\u00e9, y compris les responsabilit\u00e9s contractuelles, d\u00e9lictuelles et pour violation d&rsquo;une obligation l\u00e9gale.<\/p>\n<p>Tant que le site web et les informations et services qu&rsquo;il contient sont fournis gratuitement, nous ne serons pas responsables de toute perte ou dommage de quelque nature que ce soit.<\/p>\n<p>[\/et_pb_text][\/et_pb_column][\/et_pb_row][\/et_pb_section][et_pb_section fb_built=\u00a0\u00bb1&Prime; theme_builder_area=\u00a0\u00bbpost_content\u00a0\u00bb _builder_version=\u00a0\u00bb4.17.4&Prime; _module_preset=\u00a0\u00bbdefault\u00a0\u00bb background_enable_image=\u00a0\u00bboff\u00a0\u00bb hover_enabled=\u00a0\u00bb0&Prime; sticky_enabled=\u00a0\u00bb0&Prime;][et_pb_row _builder_version=\u00a0\u00bb4.17.4&Prime; _module_preset=\u00a0\u00bbdefault\u00a0\u00bb theme_builder_area=\u00a0\u00bbpost_content\u00a0\u00bb][et_pb_column _builder_version=\u00a0\u00bb4.17.4&Prime; _module_preset=\u00a0\u00bbdefault\u00a0\u00bb theme_builder_area=\u00a0\u00bbpost_content\u00a0\u00bb]<div class=\"woocommerce woocommerce-gzd woocommerce-gzd-complaints-shortcode\">\n\t\t\t<h3>Alternative Dispute Resolution in accordance with Art. 14 (1) ODR-VO and \u00a7 36 VSBG:<\/h3>\n\t\nWe are not obliged nor willing to participate in dispute settlement proceedings before a consumer arbitration board.<\/div>[\/et_pb_column][\/et_pb_row][\/et_pb_section]<\/p>\n","protected":false},"excerpt":{"rendered":"<p>Bienvenue sur le site de SJPD Arts ! Les pr\u00e9sentes conditions g\u00e9n\u00e9rales d\u00e9finissent les r\u00e8gles d&rsquo;utilisation du site Web de SJPD Arts, situ\u00e9 \u00e0 l&rsquo;adresse https:\/\/sjpd-arts.com\/. En acc\u00e9dant \u00e0 ce site Web, nous supposons que vous acceptez ces conditions. Ne continuez pas \u00e0 utiliser SJPD Arts si vous n&rsquo;acceptez pas de prendre toutes les conditions [&hellip;]<\/p>\n","protected":false},"author":1,"featured_media":0,"parent":0,"menu_order":0,"comment_status":"closed","ping_status":"closed","template":"","meta":{"_et_pb_use_builder":"on","_et_pb_old_content":"","_et_gb_content_width":"","footnotes":""},"class_list":["post-520","page","type-page","status-publish","hentry"],"_links":{"self":[{"href":"https:\/\/sjpd-arts.com\/fr\/wp-json\/wp\/v2\/pages\/520","targetHints":{"allow":["GET"]}}],"collection":[{"href":"https:\/\/sjpd-arts.com\/fr\/wp-json\/wp\/v2\/pages"}],"about":[{"href":"https:\/\/sjpd-arts.com\/fr\/wp-json\/wp\/v2\/types\/page"}],"author":[{"embeddable":true,"href":"https:\/\/sjpd-arts.com\/fr\/wp-json\/wp\/v2\/users\/1"}],"replies":[{"embeddable":true,"href":"https:\/\/sjpd-arts.com\/fr\/wp-json\/wp\/v2\/comments?post=520"}],"version-history":[{"count":0,"href":"https:\/\/sjpd-arts.com\/fr\/wp-json\/wp\/v2\/pages\/520\/revisions"}],"wp:attachment":[{"href":"https:\/\/sjpd-arts.com\/fr\/wp-json\/wp\/v2\/media?parent=520"}],"curies":[{"name":"wp","href":"https:\/\/api.w.org\/{rel}","templated":true}]}}