{"id":634,"date":"2021-12-15T14:03:41","date_gmt":"2021-12-15T13:03:41","guid":{"rendered":"https:\/\/sjpd-arts.com\/politique-de-confidentialite\/"},"modified":"2022-07-09T17:38:36","modified_gmt":"2022-07-09T15:38:36","slug":"politique-de-confidentialite","status":"publish","type":"page","link":"https:\/\/sjpd-arts.com\/fr\/politique-de-confidentialite\/","title":{"rendered":"Politique de confidentialit\u00e9"},"content":{"rendered":"<p>[et_pb_section fb_built=\u00a0\u00bb1&Prime; fullwidth=\u00a0\u00bbon\u00a0\u00bb admin_label=\u00a0\u00bbHeader Section\u00a0\u00bb _builder_version=\u00a0\u00bb4.16&Prime; background_color=\u00a0\u00bb#dadde2&Prime; hover_enabled=\u00a0\u00bb0&Prime; locked=\u00a0\u00bboff\u00a0\u00bb global_colors_info=\u00a0\u00bb{}\u00a0\u00bb sticky_enabled=\u00a0\u00bb0&Prime;][et_pb_fullwidth_header title=\u00a0\u00bbPolitique de confidentialit\u00e9\u00a0\u00bb text_orientation=\u00a0\u00bbcenter\u00a0\u00bb _builder_version=\u00a0\u00bb4.17.4&Prime; title_font=\u00a0\u00bbAsap|||on|||||\u00a0\u00bb title_text_color=\u00a0\u00bb#ffffff\u00a0\u00bb title_font_size=\u00a0\u00bb2vw\u00a0\u00bb title_letter_spacing=\u00a0\u00bb7px\u00a0\u00bb title_line_height=\u00a0\u00bb1.4em\u00a0\u00bb content_font=\u00a0\u00bb||||||||\u00a0\u00bb subhead_font=\u00a0\u00bbOswald|||on|||||\u00a0\u00bb subhead_text_color=\u00a0\u00bbrgba(12,12,12,0.2)\u00a0\u00bb subhead_font_size=\u00a0\u00bb24px\u00a0\u00bb subhead_letter_spacing=\u00a0\u00bb15px\u00a0\u00bb subhead_line_height=\u00a0\u00bb1.4em\u00a0\u00bb background_enable_color=\u00a0\u00bboff\u00a0\u00bb background_image=\u00a0\u00bbhttps:\/\/sjpd-arts.com\/wp-content\/uploads\/2021\/12\/DSC06608.jpg\u00a0\u00bb custom_margin=\u00a0\u00bb||||false|false\u00a0\u00bb custom_padding=\u00a0\u00bb||||false|false\u00a0\u00bb animation_style=\u00a0\u00bbzoom\u00a0\u00bb animation_direction=\u00a0\u00bbbottom\u00a0\u00bb animation_intensity_zoom=\u00a0\u00bb8%\u00a0\u00bb title_text_shadow_style=\u00a0\u00bbpreset3&Prime; title_text_shadow_color=\u00a0\u00bbrgba(12,12,12,0.15)\u00a0\u00bb global_colors_info=\u00a0\u00bb{}\u00a0\u00bb button_one_text_size__hover_enabled=\u00a0\u00bboff\u00a0\u00bb button_two_text_size__hover_enabled=\u00a0\u00bboff\u00a0\u00bb button_one_text_color__hover_enabled=\u00a0\u00bboff\u00a0\u00bb button_two_text_color__hover_enabled=\u00a0\u00bboff\u00a0\u00bb button_one_border_width__hover_enabled=\u00a0\u00bboff\u00a0\u00bb button_two_border_width__hover_enabled=\u00a0\u00bboff\u00a0\u00bb button_one_border_color__hover_enabled=\u00a0\u00bboff\u00a0\u00bb button_two_border_color__hover_enabled=\u00a0\u00bboff\u00a0\u00bb button_one_border_radius__hover_enabled=\u00a0\u00bboff\u00a0\u00bb button_two_border_radius__hover_enabled=\u00a0\u00bboff\u00a0\u00bb button_one_letter_spacing__hover_enabled=\u00a0\u00bboff\u00a0\u00bb button_two_letter_spacing__hover_enabled=\u00a0\u00bboff\u00a0\u00bb button_one_bg_color__hover_enabled=\u00a0\u00bboff\u00a0\u00bb button_two_bg_color__hover_enabled=\u00a0\u00bboff\u00a0\u00bb][\/et_pb_fullwidth_header][\/et_pb_section][et_pb_section fb_built=\u00a0\u00bb1&Prime; _builder_version=\u00a0\u00bb4.17.4&Prime; _module_preset=\u00a0\u00bbdefault\u00a0\u00bb hover_enabled=\u00a0\u00bb0&Prime; global_colors_info=\u00a0\u00bb{}\u00a0\u00bb background_enable_image=\u00a0\u00bboff\u00a0\u00bb sticky_enabled=\u00a0\u00bb0&Prime;][et_pb_row _builder_version=\u00a0\u00bb4.16&Prime; _module_preset=\u00a0\u00bbdefault\u00a0\u00bb global_colors_info=\u00a0\u00bb{}\u00a0\u00bb][et_pb_column type=\u00a0\u00bb4_4&Prime; _builder_version=\u00a0\u00bb4.16&Prime; _module_preset=\u00a0\u00bbdefault\u00a0\u00bb global_colors_info=\u00a0\u00bb{}\u00a0\u00bb][et_pb_text _builder_version=\u00a0\u00bb4.16&Prime; _module_preset=\u00a0\u00bbdefault\u00a0\u00bb text_font=\u00a0\u00bbLato||||||||\u00a0\u00bb global_colors_info=\u00a0\u00bb{}\u00a0\u00bb]<\/p>\n<h3>Politique de confidentialit\u00e9 de SJPD-Arts<\/h3>\n<p>La pr\u00e9sente politique de confidentialit\u00e9 d\u00e9crit comment vos renseignements personnels sont recueillis, utilis\u00e9s et partag\u00e9s lorsque vous visitez ou faites un achat sur le site https:\/\/sjpd-arts.com\/ (le \u00a0\u00bb Site \u00ab\u00a0).<\/p>\n<h3>Renseignements personnels que nous recueillons<\/h3>\n<p>Lorsque vous visitez le Site, nous recueillons automatiquement certaines informations sur votre appareil, notamment des informations sur votre navigateur web, votre adresse IP, votre fuseau horaire et certains des cookies install\u00e9s sur votre appareil. En outre, lorsque vous naviguez sur le site, nous recueillons des informations sur les pages Web ou les produits individuels que vous consultez, sur les sites Web ou les termes de recherche qui vous ont renvoy\u00e9 au site et sur la mani\u00e8re dont vous interagissez avec le site. Nous d\u00e9signons ces informations collect\u00e9es automatiquement par le terme \u00ab\u00a0informations sur les appareils\u00a0\u00bb.<\/p>\n<h3>Nous recueillons des informations sur les appareils \u00e0 l&rsquo;aide des technologies suivantes :<\/h3>\n<p>&#8211; \u00ab\u00a0Cookies\u00a0\u00bb sont des fichiers de donn\u00e9es qui sont plac\u00e9s sur votre appareil ou votre ordinateur et qui comprennent souvent un identifiant unique anonyme. Pour plus d&rsquo;informations sur les cookies et sur la mani\u00e8re de les d\u00e9sactiver, visitez le site http:\/\/www.allaboutcookies.org.<\/p>\n<p>&#8211; \u00a0\u00bb Les fichiers journaux \u00a0\u00bb suivent les actions qui se produisent sur le Site et collectent des donn\u00e9es, notamment votre adresse IP, votre type de navigateur, votre fournisseur d&rsquo;acc\u00e8s Internet, les pages de renvoi\/de sortie et les horodatages.<br \/>&#8211; Les \u00ab\u00a0balises Web\u00a0\u00bb, \u00ab\u00a0tags\u00a0\u00bb et \u00ab\u00a0pixels\u00a0\u00bb sont des fichiers \u00e9lectroniques utilis\u00e9s pour enregistrer des informations sur la fa\u00e7on dont vous naviguez sur le site.<\/p>\n<p>En outre, lorsque vous effectuez ou tentez d&rsquo;effectuer un achat sur le site, nous recueillons certaines informations vous concernant, notamment votre nom, votre adresse de facturation, votre adresse de livraison, les informations relatives au paiement (y compris les num\u00e9ros de carte de cr\u00e9dit), votre adresse \u00e9lectronique et votre num\u00e9ro de t\u00e9l\u00e9phone. Nous appelons ces informations \u00ab\u00a0Informations relatives \u00e0 la commande\u00a0\u00bb.<\/p>\n<p>Lorsque nous parlons de \u00a0\u00bb renseignements personnels \u00a0\u00bb dans la pr\u00e9sente politique de confidentialit\u00e9, nous parlons \u00e0 la fois des renseignements sur les appareils et des renseignements sur les commandes.<\/p>\n<h3>Comment utilisons-nous vos informations personnelles ?<\/h3>\n<p>Nous utilisons les Informations relatives \u00e0 la commande que nous recueillons g\u00e9n\u00e9ralement pour ex\u00e9cuter les commandes pass\u00e9es par le biais du Site (y compris le traitement de vos informations de paiement, l&rsquo;organisation de l&rsquo;exp\u00e9dition et l&rsquo;envoi de factures et\/ou de confirmations de commande). En outre, nous utilisons ces informations de commande pour :<br \/>Communiquer avec vous ;<br \/>Examiner nos commandes pour d\u00e9tecter tout risque potentiel ou toute fraude ; et<br \/>Lorsque cela correspond aux pr\u00e9f\u00e9rences que vous avez partag\u00e9es avec nous, vous fournir des informations ou des publicit\u00e9s relatives \u00e0 nos produits ou services.<\/p>\n<p>Nous utilisons les informations sur les appareils que nous recueillons pour nous aider \u00e0 d\u00e9tecter les risques et les fraudes potentiels (en particulier, votre adresse IP) et, plus g\u00e9n\u00e9ralement, pour am\u00e9liorer et optimiser notre site (par exemple, en g\u00e9n\u00e9rant des analyses sur la fa\u00e7on dont nos clients naviguent et interagissent avec le site, et pour \u00e9valuer le succ\u00e8s de nos campagnes de marketing et de publicit\u00e9). Traduit avec www.DeepL.com\/Translator (version gratuite)<\/p>\n<h3>Partage de vos informations personnelles<\/h3>\n<p>Nous partageons vos informations personnelles avec des tiers pour nous aider \u00e0 utiliser vos informations personnelles, comme d\u00e9crit ci-dessus. Par exemple, nous utilisons Google Analytics pour nous aider \u00e0 comprendre comment nos clients utilisent le Site. Pour en savoir plus sur la mani\u00e8re dont Google utilise vos informations personnelles, cliquez ici : https:\/\/www.google.com\/intl\/en\/policies\/privacy\/. Vous pouvez \u00e9galement d\u00e9sactiver Google Analytics \u00e0 l&rsquo;adresse suivante : https:\/\/tools.google.com\/dlpage\/gaoptout. Traduit avec www.DeepL.com\/Translator (version gratuite)<\/p>\n<p>Enfin, nous pouvons \u00e9galement partager vos Donn\u00e9es personnelles pour nous conformer aux lois et r\u00e9glementations en vigueur, pour r\u00e9pondre \u00e0 une assignation, un mandat de perquisition ou toute autre demande l\u00e9gale d&rsquo;informations que nous recevons, ou pour prot\u00e9ger nos droits de toute autre mani\u00e8re.<\/p>\n<h3>Publicit\u00e9 personnalis\u00e9e<\/h3>\n<p>Comme d\u00e9crit ci-dessus, nous utilisons vos Informations personnelles pour vous fournir des publicit\u00e9s cibl\u00e9es ou des communications marketing qui, selon nous, pourraient vous int\u00e9resser. Pour plus d&rsquo;informations sur le fonctionnement de la publicit\u00e9 cibl\u00e9e, vous pouvez consulter la page \u00e9ducative de la Network Advertising Initiative (\u00ab\u00a0NAI\u00a0\u00bb) \u00e0 l&rsquo;adresse http:\/\/www.networkadvertising.org\/understanding-online-advertising\/how-does-it-work.<\/p>\n<h3>Ne pas suivre<\/h3>\n<p>Veuillez noter que nous ne modifions pas les pratiques de collecte et d&rsquo;utilisation des donn\u00e9es de notre site lorsque nous voyons un signal \u00ab\u00a0Do Not Track\u00a0\u00bb de votre navigateur.<\/p>\n<h3>Vos droits<\/h3>\n<p>Si vous \u00eates un r\u00e9sident europ\u00e9en, vous avez le droit d&rsquo;acc\u00e9der aux informations personnelles que nous d\u00e9tenons \u00e0 votre sujet et de demander que vos informations personnelles soient corrig\u00e9es, mises \u00e0 jour ou supprim\u00e9es. Si vous souhaitez exercer ce droit, veuillez nous contacter par le biais des informations de contact ci-dessous.<br \/>En outre, si vous \u00eates un r\u00e9sident europ\u00e9en, nous notons que nous traitons vos informations afin d&rsquo;ex\u00e9cuter les contrats que nous pourrions avoir avec vous (par exemple, si vous passez une commande par le biais du site), ou pour poursuivre nos int\u00e9r\u00eats commerciaux l\u00e9gitimes \u00e9num\u00e9r\u00e9s ci-dessus. En outre, veuillez noter que vos informations seront transf\u00e9r\u00e9es en dehors de l&rsquo;Europe, notamment au Canada et aux \u00c9tats-Unis.<\/p>\n<h3>Conservation des donn\u00e9es<\/h3>\n<p>Lorsque vous passez une commande par l&rsquo;interm\u00e9diaire du Site, nous conserverons les informations relatives \u00e0 votre commande dans nos dossiers, sauf si vous nous demandez de supprimer ces informations.<\/p>\n<h3>Modifications<\/h3>\n<p>Nous pouvons \u00eatre amen\u00e9s \u00e0 mettre \u00e0 jour cette politique de confidentialit\u00e9 de temps \u00e0 autre afin de refl\u00e9ter, par exemple, des modifications de nos pratiques ou pour d&rsquo;autres raisons op\u00e9rationnelles, l\u00e9gales ou r\u00e9glementaires.<\/p>\n<h3>Nous contacter<\/h3>\n<p>Pour plus d&rsquo;informations sur nos pratiques en mati\u00e8re de confidentialit\u00e9, si vous avez des questions ou si vous souhaitez d\u00e9poser une r\u00e9clamation, veuillez nous contacter par e-mail \u00e0 l&rsquo;adresse info@sjpd-arts.com.<\/p>\n<p>[\/et_pb_text][\/et_pb_column][\/et_pb_row][\/et_pb_section]<\/p>\n","protected":false},"excerpt":{"rendered":"<p>Politique de confidentialit\u00e9 de SJPD-Arts La pr\u00e9sente politique de confidentialit\u00e9 d\u00e9crit comment vos renseignements personnels sont recueillis, utilis\u00e9s et partag\u00e9s lorsque vous visitez ou faites un achat sur le site https:\/\/sjpd-arts.com\/ (le \u00a0\u00bb Site \u00ab\u00a0). Renseignements personnels que nous recueillons Lorsque vous visitez le Site, nous recueillons automatiquement certaines informations sur votre appareil, notamment des [&hellip;]<\/p>\n","protected":false},"author":1,"featured_media":0,"parent":0,"menu_order":0,"comment_status":"closed","ping_status":"closed","template":"","meta":{"_et_pb_use_builder":"on","_et_pb_old_content":"","_et_gb_content_width":"","footnotes":""},"class_list":["post-634","page","type-page","status-publish","hentry"],"_links":{"self":[{"href":"https:\/\/sjpd-arts.com\/fr\/wp-json\/wp\/v2\/pages\/634","targetHints":{"allow":["GET"]}}],"collection":[{"href":"https:\/\/sjpd-arts.com\/fr\/wp-json\/wp\/v2\/pages"}],"about":[{"href":"https:\/\/sjpd-arts.com\/fr\/wp-json\/wp\/v2\/types\/page"}],"author":[{"embeddable":true,"href":"https:\/\/sjpd-arts.com\/fr\/wp-json\/wp\/v2\/users\/1"}],"replies":[{"embeddable":true,"href":"https:\/\/sjpd-arts.com\/fr\/wp-json\/wp\/v2\/comments?post=634"}],"version-history":[{"count":0,"href":"https:\/\/sjpd-arts.com\/fr\/wp-json\/wp\/v2\/pages\/634\/revisions"}],"wp:attachment":[{"href":"https:\/\/sjpd-arts.com\/fr\/wp-json\/wp\/v2\/media?parent=634"}],"curies":[{"name":"wp","href":"https:\/\/api.w.org\/{rel}","templated":true}]}}