{"id":2735,"date":"2025-11-26T22:47:03","date_gmt":"2025-11-26T21:47:03","guid":{"rendered":"https:\/\/sjpd-arts.com\/?post_type=product&#038;p=2735"},"modified":"2025-12-30T22:43:54","modified_gmt":"2025-12-30T21:43:54","slug":"print-kostlich","status":"publish","type":"product","link":"https:\/\/sjpd-arts.com\/fr\/produit\/print-kostlich\/","title":{"rendered":"Print K\u00f6stlich"},"content":{"rendered":"","protected":false},"excerpt":{"rendered":"<p>Papier satin\u00e9 haut de gamme sans bois, \u00e0 fort volume, rendu des couleurs brillant, r\u00e9sistance \u00e0 la lumi\u00e8re et finition \u00e9l\u00e9gante, 300 g\/m2.<\/p>\n<p>Dimensions : 25 x 25 cm<br \/>\n\u00c9dition limit\u00e9e \u00e0 30 exemplaires<br \/>\nSign\u00e9, num\u00e9rot\u00e9 et contresign\u00e9 par Simon Jean-Pierre Desmots<\/p>\n","protected":false},"featured_media":2738,"comment_status":"open","ping_status":"closed","template":"","meta":{"_et_pb_use_builder":"","_et_pb_old_content":"","_et_gb_content_width":""},"product_brand":[],"product_cat":[164,188],"product_tag":[165,189],"class_list":{"0":"post-2735","1":"product","2":"type-product","3":"status-publish","4":"has-post-thumbnail","6":"product_cat-editions-limitees","7":"product_cat-impression","8":"product_tag-editions-limitees","9":"product_tag-impression","11":"first","12":"instock","13":"shipping-taxable","14":"purchasable","15":"product-type-simple"},"_links":{"self":[{"href":"https:\/\/sjpd-arts.com\/fr\/wp-json\/wp\/v2\/product\/2735","targetHints":{"allow":["GET"]}}],"collection":[{"href":"https:\/\/sjpd-arts.com\/fr\/wp-json\/wp\/v2\/product"}],"about":[{"href":"https:\/\/sjpd-arts.com\/fr\/wp-json\/wp\/v2\/types\/product"}],"replies":[{"embeddable":true,"href":"https:\/\/sjpd-arts.com\/fr\/wp-json\/wp\/v2\/comments?post=2735"}],"wp:featuredmedia":[{"embeddable":true,"href":"https:\/\/sjpd-arts.com\/fr\/wp-json\/wp\/v2\/media\/2738"}],"wp:attachment":[{"href":"https:\/\/sjpd-arts.com\/fr\/wp-json\/wp\/v2\/media?parent=2735"}],"wp:term":[{"taxonomy":"product_brand","embeddable":true,"href":"https:\/\/sjpd-arts.com\/fr\/wp-json\/wp\/v2\/product_brand?post=2735"},{"taxonomy":"product_cat","embeddable":true,"href":"https:\/\/sjpd-arts.com\/fr\/wp-json\/wp\/v2\/product_cat?post=2735"},{"taxonomy":"product_tag","embeddable":true,"href":"https:\/\/sjpd-arts.com\/fr\/wp-json\/wp\/v2\/product_tag?post=2735"}],"curies":[{"name":"wp","href":"https:\/\/api.w.org\/{rel}","templated":true}]}}