{"id":862,"date":"2022-01-18T18:22:00","date_gmt":"2022-01-18T17:22:00","guid":{"rendered":"https:\/\/sjpd-arts.com\/product\/automnal\/"},"modified":"2025-10-01T17:12:06","modified_gmt":"2025-10-01T15:12:06","slug":"automnal","status":"publish","type":"product","link":"https:\/\/sjpd-arts.com\/fr\/produit\/automnal\/","title":{"rendered":"Automnal"},"content":{"rendered":"","protected":false},"excerpt":{"rendered":"<p>Inspir\u00e9e d&rsquo;une promenade dans une for\u00eat d&rsquo;automne : des feuilles color\u00e9es et vigoureuses qui se fondent dans leur environnement et illustrent la beaut\u00e9 et la brillance de la nature.<\/p>\n<ul>\n<li>Acrylique sur toile<\/li>\n<li>Dimensions : 80 x 80 cm<\/li>\n<li>Double couche de laque mate<\/li>\n<li>Sign\u00e9 et contresign\u00e9 par Simon Jean-Pierre Desmots<\/li>\n<li>Certificat d&rsquo;authenticit\u00e9 inclus<\/li>\n<\/ul>\n","protected":false},"featured_media":1070,"comment_status":"open","ping_status":"closed","template":"","meta":{"_et_pb_use_builder":"","_et_pb_old_content":"","_et_gb_content_width":""},"product_brand":[],"product_cat":[137],"product_tag":[131],"class_list":{"0":"post-862","1":"product","2":"type-product","3":"status-publish","4":"has-post-thumbnail","6":"product_cat-original-fr","7":"product_tag-original-fr","9":"first","10":"outofstock","11":"sold-individually","12":"shipping-taxable","13":"product-type-simple"},"_links":{"self":[{"href":"https:\/\/sjpd-arts.com\/fr\/wp-json\/wp\/v2\/product\/862","targetHints":{"allow":["GET"]}}],"collection":[{"href":"https:\/\/sjpd-arts.com\/fr\/wp-json\/wp\/v2\/product"}],"about":[{"href":"https:\/\/sjpd-arts.com\/fr\/wp-json\/wp\/v2\/types\/product"}],"replies":[{"embeddable":true,"href":"https:\/\/sjpd-arts.com\/fr\/wp-json\/wp\/v2\/comments?post=862"}],"wp:featuredmedia":[{"embeddable":true,"href":"https:\/\/sjpd-arts.com\/fr\/wp-json\/wp\/v2\/media\/1070"}],"wp:attachment":[{"href":"https:\/\/sjpd-arts.com\/fr\/wp-json\/wp\/v2\/media?parent=862"}],"wp:term":[{"taxonomy":"product_brand","embeddable":true,"href":"https:\/\/sjpd-arts.com\/fr\/wp-json\/wp\/v2\/product_brand?post=862"},{"taxonomy":"product_cat","embeddable":true,"href":"https:\/\/sjpd-arts.com\/fr\/wp-json\/wp\/v2\/product_cat?post=862"},{"taxonomy":"product_tag","embeddable":true,"href":"https:\/\/sjpd-arts.com\/fr\/wp-json\/wp\/v2\/product_tag?post=862"}],"curies":[{"name":"wp","href":"https:\/\/api.w.org\/{rel}","templated":true}]}}