{"id":996,"date":"2022-02-10T22:49:34","date_gmt":"2022-02-10T21:49:34","guid":{"rendered":"https:\/\/sjpd-arts.com\/product\/gummi-bear\/"},"modified":"2025-10-07T15:40:28","modified_gmt":"2025-10-07T13:40:28","slug":"gummi-bear","status":"publish","type":"product","link":"https:\/\/sjpd-arts.com\/fr\/produit\/gummi-bear\/","title":{"rendered":"Gummi Bear"},"content":{"rendered":"","protected":false},"excerpt":{"rendered":"<p>Une \u0153uvre aux couleurs inhabituelles dans un format inhabituel, qui nous rend nostalgiques et nous fait penser au go\u00fbt des oursons en gomme acidul\u00e9s et sucr\u00e9s.<\/p>\n<ul>\n<li>Acrylique sur toile<\/li>\n<li>Dimensions : 2 * 25 x 25 &amp; 2 * 50 x 50 cm<\/li>\n<li>Dimensions totales : 74 x 144 cm<\/li>\n<li>Sign\u00e9 et contresign\u00e9 par Simon Jean-Pierre Desmots<\/li>\n<li>Certificat d&rsquo;authenticit\u00e9 inclus<\/li>\n<\/ul>\n","protected":false},"featured_media":1086,"comment_status":"open","ping_status":"closed","template":"","meta":{"_et_pb_use_builder":"","_et_pb_old_content":"","_et_gb_content_width":""},"product_brand":[],"product_cat":[137,145],"product_tag":[131],"class_list":{"0":"post-996","1":"product","2":"type-product","3":"status-publish","4":"has-post-thumbnail","6":"product_cat-original-fr","7":"product_cat-quadriptyque","8":"product_tag-original-fr","10":"first","11":"instock","12":"shipping-taxable","13":"purchasable","14":"product-type-simple"},"_links":{"self":[{"href":"https:\/\/sjpd-arts.com\/fr\/wp-json\/wp\/v2\/product\/996","targetHints":{"allow":["GET"]}}],"collection":[{"href":"https:\/\/sjpd-arts.com\/fr\/wp-json\/wp\/v2\/product"}],"about":[{"href":"https:\/\/sjpd-arts.com\/fr\/wp-json\/wp\/v2\/types\/product"}],"replies":[{"embeddable":true,"href":"https:\/\/sjpd-arts.com\/fr\/wp-json\/wp\/v2\/comments?post=996"}],"wp:featuredmedia":[{"embeddable":true,"href":"https:\/\/sjpd-arts.com\/fr\/wp-json\/wp\/v2\/media\/1086"}],"wp:attachment":[{"href":"https:\/\/sjpd-arts.com\/fr\/wp-json\/wp\/v2\/media?parent=996"}],"wp:term":[{"taxonomy":"product_brand","embeddable":true,"href":"https:\/\/sjpd-arts.com\/fr\/wp-json\/wp\/v2\/product_brand?post=996"},{"taxonomy":"product_cat","embeddable":true,"href":"https:\/\/sjpd-arts.com\/fr\/wp-json\/wp\/v2\/product_cat?post=996"},{"taxonomy":"product_tag","embeddable":true,"href":"https:\/\/sjpd-arts.com\/fr\/wp-json\/wp\/v2\/product_tag?post=996"}],"curies":[{"name":"wp","href":"https:\/\/api.w.org\/{rel}","templated":true}]}}